{"id":96,"date":"2026-02-18T15:47:08","date_gmt":"2026-02-18T14:47:08","guid":{"rendered":"https:\/\/riek-kelsen.org\/?page_id=96"},"modified":"2026-04-13T17:45:06","modified_gmt":"2026-04-13T15:45:06","slug":"gobernanza","status":"publish","type":"page","link":"https:\/\/riek-kelsen.org\/pt\/gobernanza\/","title":{"rendered":"Governan\u00e7a"},"content":{"rendered":"<p>A <a href=\"https:\/\/riek-kelsen.org\/pt\/red-iberoamericana-hans-kelsen\/\" target=\"_blank\" rel=\"noopener\" title=\"A RIEK\">RIEK<\/a> organizar-se-\u00e1 como uma rede acad\u00eamica de car\u00e1ter federado que articular\u00e1 pesquisadores e especialistas vinculados a diversas universidades e centros de estudo. A membresia na Rede ser\u00e1 de car\u00e1ter pessoal e fundamentar-se-\u00e1 na trajet\u00f3ria acad\u00eamica e no compromisso com os seus fins cient\u00edficos.<\/p>\n\n\n\n<p>As universidades e centros de pesquisa participar\u00e3o como institui\u00e7\u00f5es associadas por meio dos cap\u00edtulos nacionais ou regionais, contribuindo para o desenvolvimento de atividades acad\u00eamicas e para a proje\u00e7\u00e3o institucional da Rede. N\u00e3o obstante, a condi\u00e7\u00e3o de membro corresponder\u00e1 a pessoas f\u00edsicas.<\/p>\n\n\n\n<p>A estrutura de governan\u00e7a buscar\u00e1 equilibrar a autonomia cient\u00edfica de seus integrantes com o respaldo institucional necess\u00e1rio para garantir a estabilidade e a continuidade da Rede.<\/p>\n\n\n\n<p>A governan\u00e7a da <a href=\"https:\/\/riek-kelsen.org\/pt\/red-iberoamericana-hans-kelsen\/\" target=\"_blank\" rel=\"noopener\" title=\"A RIEK\">RIEK<\/a> inspirar-se-\u00e1 e reger-se-\u00e1 pelos seguintes princ\u00edpios:<\/p>\n\n\n\n<ol class=\"wp-block-list\">\n<li>Liberdade acad\u00eamica, entendida como garantia de independ\u00eancia cient\u00edfica na pesquisa, no ensino e no debate.<\/li>\n\n\n\n<li>Pluralidade epistemol\u00f3gica, entendida como o reconhecimento da legitimidade de diversos enfoques na teoria e na filosofia do direito.<\/li>\n\n\n\n<li>Coopera\u00e7\u00e3o cient\u00edfica, voltada a fomentar o trabalho conjunto e coordenado entre pesquisadores, cap\u00edtulos e institui\u00e7\u00f5es associadas.<\/li>\n\n\n\n<li>Inclus\u00e3o regional, destinada a promover uma representa\u00e7\u00e3o equilibrada do conjunto do espa\u00e7o ibero-americano.<\/li>\n\n\n\n<li>Equil\u00edbrio lingu\u00edstico, voltado a promover o interc\u00e2mbio acad\u00eamico inclusivo nas l\u00ednguas do espa\u00e7o ibero-americano. As l\u00ednguas oficiais da Rede s\u00e3o o espanhol e o portugu\u00eas; reconhece-se, igualmente, o uso do alem\u00e3o e do ingl\u00eas como l\u00ednguas de coopera\u00e7\u00e3o t\u00e9cnica e bibliogr\u00e1fica. A RIEK fomentar\u00e1 a presen\u00e7a acad\u00eamica de outras l\u00ednguas vivas do \u00e2mbito ibero-americano.<\/li>\n\n\n\n<li>Igualdade de representa\u00e7\u00e3o e participa\u00e7\u00e3o, com especial aten\u00e7\u00e3o \u00e0 diversidade geracional e de g\u00eanero.<\/li>\n<\/ol>\n\n\n\n<p>A <a href=\"https:\/\/riek-kelsen.org\/pt\/red-iberoamericana-hans-kelsen\/\" target=\"_blank\" rel=\"noopener\" title=\"A RIEK\">RIEK<\/a> se encuentra en proceso de constituci\u00f3n formal como asociaci\u00f3n conforme al derecho austr\u00edaco. Durante la fase preestatutaria, la coordinaci\u00f3n operativa ser\u00e1 ejercida por Gonzalo Villa Rosas en comunicaci\u00f3n permanente con el Hans Kelsen-Institut (Viena) y la Hans-Kelsen-Forschungsstelle (Universidad de Friburgo). Las decisiones relativas a la futura asociaci\u00f3n RIEK se adoptar\u00e1n de com\u00fan acuerdo entre los firmantes del documento de intenci\u00f3n suscrito en la Reuni\u00f3n Inaugural celebrada el 4 de febrero de 2026 en Bogot\u00e1. Una vez formalizada como asociaci\u00f3n conforme al derecho austr\u00edaco, la gobernanza de la RIEK ser\u00e1 ejercida por tres \u00f3rganos centrales:<\/p>\n\n\n\n<ol class=\"wp-block-list\">\n<li><a href=\"https:\/\/riek-kelsen.org\/pt\/coordinacion-international\/\" target=\"_blank\" rel=\"noopener\" title=\"Coordena\u00e7\u00e3o Internacional\">Coordena\u00e7\u00e3o Internacional<\/a><\/li>\n\n\n\n<li><a href=\"https:\/\/riek-kelsen.org\/pt\/asamblea-general-riek\/\" target=\"_blank\" rel=\"noopener\" title=\"Assembleia Geral RIEK\">Assembleia RIEK<\/a><\/li>\n\n\n\n<li><a href=\"https:\/\/riek-kelsen.org\/pt\/secretaria-ejecutiva-riek\/\" target=\"_blank\" rel=\"noopener\" title=\"\u00d3rg\u00e3o Diretivo\">\u00d3rg\u00e3o Diretivo<\/a><\/li>\n<\/ol>\n\n\n\n<p><\/p>\n\n\n\n<ul class=\"wp-block-list\">\n<li><a href=\"https:\/\/riek-kelsen.org\/pt\/mision-y-vision\/\" target=\"_blank\" rel=\"noopener\" title=\"Miss\u00e3o e vis\u00e3o\">Miss\u00e3o e vis\u00e3o<\/a><\/li>\n\n\n\n<li><a href=\"https:\/\/riek-kelsen.org\/pt\/historia\/\" target=\"_blank\" rel=\"noopener\" title=\"Hist\u00f3ria Institucional\">Hist\u00f3ria Institucional<\/a><\/li>\n\n\n\n<li><a href=\"https:\/\/riek-kelsen.org\/pt\/objetivos\/\" target=\"_blank\" rel=\"noopener\" title=\"Objetivos\">Objetivos<\/a><\/li>\n\n\n\n<li><a href=\"https:\/\/riek-kelsen.org\/pt\/identidad-visual\/\" target=\"_blank\" rel=\"noopener\" title=\"Identidade Visual\">Identidade Visual<\/a><\/li>\n<\/ul>\n\n\n\n<p><\/p>","protected":false},"excerpt":{"rendered":"<p>La RIEK se organizar\u00e1 como una red acad\u00e9mica de car\u00e1cter federado que articular\u00e1 a investigadores y especialistas vinculados a diversas [&hellip;]<\/p>\n","protected":false},"author":1,"featured_media":0,"parent":0,"menu_order":0,"comment_status":"closed","ping_status":"closed","template":"","meta":{"site-sidebar-layout":"default","site-content-layout":"","ast-site-content-layout":"default","site-content-style":"default","site-sidebar-style":"default","ast-global-header-display":"","ast-banner-title-visibility":"","ast-main-header-display":"","ast-hfb-above-header-display":"","ast-hfb-below-header-display":"","ast-hfb-mobile-header-display":"","site-post-title":"","ast-breadcrumbs-content":"","ast-featured-img":"","footer-sml-layout":"","ast-disable-related-posts":"","theme-transparent-header-meta":"","adv-header-id-meta":"","stick-header-meta":"","header-above-stick-meta":"","header-main-stick-meta":"","header-below-stick-meta":"","astra-migrate-meta-layouts":"default","ast-page-background-enabled":"default","ast-page-background-meta":{"desktop":{"background-color":"var(--ast-global-color-5)","background-image":"","background-repeat":"repeat","background-position":"center center","background-size":"auto","background-attachment":"scroll","background-type":"","background-media":"","overlay-type":"","overlay-color":"","overlay-opacity":"","overlay-gradient":""},"tablet":{"background-color":"","background-image":"","background-repeat":"repeat","background-position":"center center","background-size":"auto","background-attachment":"scroll","background-type":"","background-media":"","overlay-type":"","overlay-color":"","overlay-opacity":"","overlay-gradient":""},"mobile":{"background-color":"","background-image":"","background-repeat":"repeat","background-position":"center center","background-size":"auto","background-attachment":"scroll","background-type":"","background-media":"","overlay-type":"","overlay-color":"","overlay-opacity":"","overlay-gradient":""}},"ast-content-background-meta":{"desktop":{"background-color":"var(--ast-global-color-4)","background-image":"","background-repeat":"repeat","background-position":"center center","background-size":"auto","background-attachment":"scroll","background-type":"","background-media":"","overlay-type":"","overlay-color":"","overlay-opacity":"","overlay-gradient":""},"tablet":{"background-color":"var(--ast-global-color-4)","background-image":"","background-repeat":"repeat","background-position":"center center","background-size":"auto","background-attachment":"scroll","background-type":"","background-media":"","overlay-type":"","overlay-color":"","overlay-opacity":"","overlay-gradient":""},"mobile":{"background-color":"var(--ast-global-color-4)","background-image":"","background-repeat":"repeat","background-position":"center center","background-size":"auto","background-attachment":"scroll","background-type":"","background-media":"","overlay-type":"","overlay-color":"","overlay-opacity":"","overlay-gradient":""}},"footnotes":""},"class_list":["post-96","page","type-page","status-publish","hentry"],"aioseo_notices":[],"_hostinger_reach_plugin_has_subscription_block":false,"_hostinger_reach_plugin_is_elementor":false,"_links":{"self":[{"href":"https:\/\/riek-kelsen.org\/pt\/wp-json\/wp\/v2\/pages\/96","targetHints":{"allow":["GET"]}}],"collection":[{"href":"https:\/\/riek-kelsen.org\/pt\/wp-json\/wp\/v2\/pages"}],"about":[{"href":"https:\/\/riek-kelsen.org\/pt\/wp-json\/wp\/v2\/types\/page"}],"author":[{"embeddable":true,"href":"https:\/\/riek-kelsen.org\/pt\/wp-json\/wp\/v2\/users\/1"}],"replies":[{"embeddable":true,"href":"https:\/\/riek-kelsen.org\/pt\/wp-json\/wp\/v2\/comments?post=96"}],"version-history":[{"count":25,"href":"https:\/\/riek-kelsen.org\/pt\/wp-json\/wp\/v2\/pages\/96\/revisions"}],"predecessor-version":[{"id":624,"href":"https:\/\/riek-kelsen.org\/pt\/wp-json\/wp\/v2\/pages\/96\/revisions\/624"}],"wp:attachment":[{"href":"https:\/\/riek-kelsen.org\/pt\/wp-json\/wp\/v2\/media?parent=96"}],"curies":[{"name":"wp","href":"https:\/\/api.w.org\/{rel}","templated":true}]}}