{"id":92,"date":"2026-02-18T15:46:38","date_gmt":"2026-02-18T14:46:38","guid":{"rendered":"https:\/\/riek-kelsen.org\/?page_id=92"},"modified":"2026-03-10T23:35:43","modified_gmt":"2026-03-10T22:35:43","slug":"historia","status":"publish","type":"page","link":"https:\/\/riek-kelsen.org\/pt\/historia\/","title":{"rendered":"Hist\u00f3ria Institucional"},"content":{"rendered":"<p>A RIEK surgiu em 2025 a partir da converg\u00eancia de diversos esfor\u00e7os acad\u00eamicos em torno do estudo do pensamento de Hans Kelsen, particularmente aqueles vinculados ao projeto de tradu\u00e7\u00e3o para o espanhol da obra <em>Hans Kelsen. Biographie eines Rechtswissenschaftlers<\/em>, escrita por Thomas Olechowski. Nesse contexto, o di\u00e1logo acad\u00eamico entre pesquisadores da Am\u00e9rica Latina e da Europa evidenciou a oportunidade de articular uma rede de colabora\u00e7\u00e3o est\u00e1vel.<\/p>\n\n\n\n<p>A proposta inicial de estrutura\u00e7\u00e3o institucional e de elabora\u00e7\u00e3o de um projeto de estatutos foi formulada em maio de 2025 a partir de uma iniciativa acad\u00eamica impulsionada por Gonzalo Villa Rosas, e posteriormente desenvolvida em di\u00e1logo com colegas do Hans Kelsen-Institut (Viena) a partir de setembro de 2025, bem como com especialistas do meio acad\u00eamico europeu e latino-americano dedicados \u00e0 tradi\u00e7\u00e3o kelseniana.<\/p>\n\n\n\n<p>Um marco decisivo no processo de consolida\u00e7\u00e3o foi a realiza\u00e7\u00e3o do I Congresso da RIEK, em 2026, realizado em Bogot\u00e1 e Medell\u00edn, juntamente com a Reuni\u00e3o Inaugural da Rede, na qual foram estabelecidas as bases de sua articula\u00e7\u00e3o institucional e de sua proje\u00e7\u00e3o internacional.<\/p>\n\n\n\n<p>Desde ent\u00e3o, a RIEK tem se configurado como um espa\u00e7o acad\u00eamico cooperativo voltado a fortalecer os v\u00ednculos cient\u00edficos entre a Am\u00e9rica Latina e a Europa em torno do pensamento de Hans Kelsen e dos demais representantes da Escola de Viena de Teoria do Direito.<\/p>\n\n\n\n<ul class=\"wp-block-list\">\n<li><a href=\"https:\/\/riek-kelsen.org\/pt\/mision-y-vision\/\" target=\"_blank\" rel=\"noopener\" title=\"Miss\u00e3o e vis\u00e3o\">Miss\u00e3o e vis\u00e3o<\/a><\/li>\n\n\n\n<li><a href=\"https:\/\/riek-kelsen.org\/pt\/objetivos\/\" target=\"_blank\" rel=\"noopener\" title=\"Objetivos\">Objetivos<\/a><\/li>\n\n\n\n<li><a href=\"https:\/\/riek-kelsen.org\/pt\/gobernanza\/\" target=\"_blank\" rel=\"noopener\" title=\"Governan\u00e7a\">Governan\u00e7a<\/a><\/li>\n\n\n\n<li><a href=\"https:\/\/riek-kelsen.org\/pt\/identidad-visual\/\" target=\"_blank\" rel=\"noopener\" title=\"Identidade Visual\">Identidade Visual<\/a><\/li>\n<\/ul>\n\n\n\n<p><\/p>","protected":false},"excerpt":{"rendered":"<p>La RIEK surgi\u00f3 en 2025 a partir de la convergencia de diversos esfuerzos acad\u00e9micos en torno al estudio del pensamiento [&hellip;]<\/p>\n","protected":false},"author":1,"featured_media":0,"parent":0,"menu_order":0,"comment_status":"closed","ping_status":"closed","template":"","meta":{"site-sidebar-layout":"default","site-content-layout":"","ast-site-content-layout":"default","site-content-style":"default","site-sidebar-style":"default","ast-global-header-display":"","ast-banner-title-visibility":"","ast-main-header-display":"","ast-hfb-above-header-display":"","ast-hfb-below-header-display":"","ast-hfb-mobile-header-display":"","site-post-title":"","ast-breadcrumbs-content":"","ast-featured-img":"","footer-sml-layout":"","ast-disable-related-posts":"","theme-transparent-header-meta":"","adv-header-id-meta":"","stick-header-meta":"","header-above-stick-meta":"","header-main-stick-meta":"","header-below-stick-meta":"","astra-migrate-meta-layouts":"default","ast-page-background-enabled":"default","ast-page-background-meta":{"desktop":{"background-color":"var(--ast-global-color-5)","background-image":"","background-repeat":"repeat","background-position":"center center","background-size":"auto","background-attachment":"scroll","background-type":"","background-media":"","overlay-type":"","overlay-color":"","overlay-opacity":"","overlay-gradient":""},"tablet":{"background-color":"","background-image":"","background-repeat":"repeat","background-position":"center center","background-size":"auto","background-attachment":"scroll","background-type":"","background-media":"","overlay-type":"","overlay-color":"","overlay-opacity":"","overlay-gradient":""},"mobile":{"background-color":"","background-image":"","background-repeat":"repeat","background-position":"center center","background-size":"auto","background-attachment":"scroll","background-type":"","background-media":"","overlay-type":"","overlay-color":"","overlay-opacity":"","overlay-gradient":""}},"ast-content-background-meta":{"desktop":{"background-color":"var(--ast-global-color-4)","background-image":"","background-repeat":"repeat","background-position":"center center","background-size":"auto","background-attachment":"scroll","background-type":"","background-media":"","overlay-type":"","overlay-color":"","overlay-opacity":"","overlay-gradient":""},"tablet":{"background-color":"var(--ast-global-color-4)","background-image":"","background-repeat":"repeat","background-position":"center center","background-size":"auto","background-attachment":"scroll","background-type":"","background-media":"","overlay-type":"","overlay-color":"","overlay-opacity":"","overlay-gradient":""},"mobile":{"background-color":"var(--ast-global-color-4)","background-image":"","background-repeat":"repeat","background-position":"center center","background-size":"auto","background-attachment":"scroll","background-type":"","background-media":"","overlay-type":"","overlay-color":"","overlay-opacity":"","overlay-gradient":""}},"footnotes":""},"class_list":["post-92","page","type-page","status-publish","hentry"],"aioseo_notices":[],"_hostinger_reach_plugin_has_subscription_block":false,"_hostinger_reach_plugin_is_elementor":false,"_links":{"self":[{"href":"https:\/\/riek-kelsen.org\/pt\/wp-json\/wp\/v2\/pages\/92","targetHints":{"allow":["GET"]}}],"collection":[{"href":"https:\/\/riek-kelsen.org\/pt\/wp-json\/wp\/v2\/pages"}],"about":[{"href":"https:\/\/riek-kelsen.org\/pt\/wp-json\/wp\/v2\/types\/page"}],"author":[{"embeddable":true,"href":"https:\/\/riek-kelsen.org\/pt\/wp-json\/wp\/v2\/users\/1"}],"replies":[{"embeddable":true,"href":"https:\/\/riek-kelsen.org\/pt\/wp-json\/wp\/v2\/comments?post=92"}],"version-history":[{"count":8,"href":"https:\/\/riek-kelsen.org\/pt\/wp-json\/wp\/v2\/pages\/92\/revisions"}],"predecessor-version":[{"id":502,"href":"https:\/\/riek-kelsen.org\/pt\/wp-json\/wp\/v2\/pages\/92\/revisions\/502"}],"wp:attachment":[{"href":"https:\/\/riek-kelsen.org\/pt\/wp-json\/wp\/v2\/media?parent=92"}],"curies":[{"name":"wp","href":"https:\/\/api.w.org\/{rel}","templated":true}]}}