{"id":90,"date":"2026-02-18T15:46:25","date_gmt":"2026-02-18T14:46:25","guid":{"rendered":"https:\/\/riek-kelsen.org\/?page_id=90"},"modified":"2026-03-10T23:34:25","modified_gmt":"2026-03-10T22:34:25","slug":"objetivos","status":"publish","type":"page","link":"https:\/\/riek-kelsen.org\/pt\/objetivos\/","title":{"rendered":"Objetivos"},"content":{"rendered":"<p>A RIEK tem como objetivos:<\/p>\n\n\n\n<ol class=\"wp-block-list\">\n<li>Consolidar uma plataforma acad\u00eamica comum para os estudos kelsenianos no espa\u00e7o ibero-americano.<\/li>\n\n\n\n<li><span style=\"font-size: 1rem;\">Fomentar a pesquisa cient\u00edfica em teoria e filosofia do direito, com especial aten\u00e7\u00e3o \u00e0 tradi\u00e7\u00e3o da Escola de Viena.<\/span><\/li>\n\n\n\n<li><span style=\"font-size: 1rem;\">Facilitar o interc\u00e2mbio acad\u00eamico entre pesquisadores e institui\u00e7\u00f5es do espa\u00e7o latino-americano e sua articula\u00e7\u00e3o com centros europeus especializados.<\/span><\/li>\n\n\n\n<li><span style=\"font-size: 1rem;\">Promover a publica\u00e7\u00e3o e a difus\u00e3o de pesquisas, estudos e projetos editoriais.<\/span><\/li>\n\n\n\n<li><span style=\"font-size: 1rem;\">Organizar congressos, semin\u00e1rios e atividades de interc\u00e2mbio acad\u00eamico, tanto presenciais quanto virtuais.<\/span><\/li>\n\n\n\n<li>Garantir a continuidade acad\u00eamica, os mais altos padr\u00f5es de qualidade cient\u00edfica e a legitimidade institucional da Rede.<\/li>\n<\/ol>\n\n\n\n<ul class=\"wp-block-list\">\n<li><a href=\"https:\/\/riek-kelsen.org\/pt\/mision-y-vision\/\" target=\"_blank\" rel=\"noopener\" title=\"Miss\u00e3o e vis\u00e3o\">Miss\u00e3o e vis\u00e3o<\/a><\/li>\n\n\n\n<li><a href=\"https:\/\/riek-kelsen.org\/pt\/historia\/\" target=\"_blank\" rel=\"noopener\" title=\"Hist\u00f3ria Institucional\">Hist\u00f3ria Institucional<\/a><\/li>\n\n\n\n<li><a href=\"https:\/\/riek-kelsen.org\/pt\/gobernanza\/\" target=\"_blank\" rel=\"noopener\" title=\"Governan\u00e7a\">Governan\u00e7a<\/a><\/li>\n\n\n\n<li><a href=\"https:\/\/riek-kelsen.org\/pt\/identidad-visual\/\" target=\"_blank\" rel=\"noopener\" title=\"Identidade Visual\">Identidade Visual<\/a><\/li>\n<\/ul>\n\n\n\n<p><\/p>","protected":false},"excerpt":{"rendered":"<p>A RIEK tem como objetivos:<\/p>","protected":false},"author":1,"featured_media":0,"parent":0,"menu_order":0,"comment_status":"closed","ping_status":"closed","template":"","meta":{"site-sidebar-layout":"default","site-content-layout":"","ast-site-content-layout":"default","site-content-style":"default","site-sidebar-style":"default","ast-global-header-display":"","ast-banner-title-visibility":"","ast-main-header-display":"","ast-hfb-above-header-display":"","ast-hfb-below-header-display":"","ast-hfb-mobile-header-display":"","site-post-title":"","ast-breadcrumbs-content":"","ast-featured-img":"","footer-sml-layout":"","ast-disable-related-posts":"","theme-transparent-header-meta":"","adv-header-id-meta":"","stick-header-meta":"","header-above-stick-meta":"","header-main-stick-meta":"","header-below-stick-meta":"","astra-migrate-meta-layouts":"default","ast-page-background-enabled":"default","ast-page-background-meta":{"desktop":{"background-color":"var(--ast-global-color-5)","background-image":"","background-repeat":"repeat","background-position":"center center","background-size":"auto","background-attachment":"scroll","background-type":"","background-media":"","overlay-type":"","overlay-color":"","overlay-opacity":"","overlay-gradient":""},"tablet":{"background-color":"","background-image":"","background-repeat":"repeat","background-position":"center center","background-size":"auto","background-attachment":"scroll","background-type":"","background-media":"","overlay-type":"","overlay-color":"","overlay-opacity":"","overlay-gradient":""},"mobile":{"background-color":"","background-image":"","background-repeat":"repeat","background-position":"center center","background-size":"auto","background-attachment":"scroll","background-type":"","background-media":"","overlay-type":"","overlay-color":"","overlay-opacity":"","overlay-gradient":""}},"ast-content-background-meta":{"desktop":{"background-color":"var(--ast-global-color-4)","background-image":"","background-repeat":"repeat","background-position":"center center","background-size":"auto","background-attachment":"scroll","background-type":"","background-media":"","overlay-type":"","overlay-color":"","overlay-opacity":"","overlay-gradient":""},"tablet":{"background-color":"var(--ast-global-color-4)","background-image":"","background-repeat":"repeat","background-position":"center center","background-size":"auto","background-attachment":"scroll","background-type":"","background-media":"","overlay-type":"","overlay-color":"","overlay-opacity":"","overlay-gradient":""},"mobile":{"background-color":"var(--ast-global-color-4)","background-image":"","background-repeat":"repeat","background-position":"center center","background-size":"auto","background-attachment":"scroll","background-type":"","background-media":"","overlay-type":"","overlay-color":"","overlay-opacity":"","overlay-gradient":""}},"footnotes":""},"class_list":["post-90","page","type-page","status-publish","hentry"],"aioseo_notices":[],"_hostinger_reach_plugin_has_subscription_block":false,"_hostinger_reach_plugin_is_elementor":false,"_links":{"self":[{"href":"https:\/\/riek-kelsen.org\/pt\/wp-json\/wp\/v2\/pages\/90","targetHints":{"allow":["GET"]}}],"collection":[{"href":"https:\/\/riek-kelsen.org\/pt\/wp-json\/wp\/v2\/pages"}],"about":[{"href":"https:\/\/riek-kelsen.org\/pt\/wp-json\/wp\/v2\/types\/page"}],"author":[{"embeddable":true,"href":"https:\/\/riek-kelsen.org\/pt\/wp-json\/wp\/v2\/users\/1"}],"replies":[{"embeddable":true,"href":"https:\/\/riek-kelsen.org\/pt\/wp-json\/wp\/v2\/comments?post=90"}],"version-history":[{"count":6,"href":"https:\/\/riek-kelsen.org\/pt\/wp-json\/wp\/v2\/pages\/90\/revisions"}],"predecessor-version":[{"id":501,"href":"https:\/\/riek-kelsen.org\/pt\/wp-json\/wp\/v2\/pages\/90\/revisions\/501"}],"wp:attachment":[{"href":"https:\/\/riek-kelsen.org\/pt\/wp-json\/wp\/v2\/media?parent=90"}],"curies":[{"name":"wp","href":"https:\/\/api.w.org\/{rel}","templated":true}]}}