{"id":88,"date":"2026-02-18T15:46:03","date_gmt":"2026-02-18T14:46:03","guid":{"rendered":"https:\/\/riek-kelsen.org\/?page_id=88"},"modified":"2026-03-10T23:33:45","modified_gmt":"2026-03-10T22:33:45","slug":"mision-y-vision","status":"publish","type":"page","link":"https:\/\/riek-kelsen.org\/pt\/mision-y-vision\/","title":{"rendered":"Miss\u00e3o e vis\u00e3o"},"content":{"rendered":"<p>A RIEK tem como miss\u00e3o promover o estudo do pensamento de Hans Kelsen e dos representantes da Escola de Viena de Teoria do Direito no \u00e2mbito ibero-americano, fomentando o interc\u00e2mbio acad\u00eamico e a coopera\u00e7\u00e3o internacional entre pesquisadores e especialistas, em articula\u00e7\u00e3o com universidades e centros de pesquisa especializados.<\/p>\n\n\n\n<p>Sua vis\u00e3o \u00e9 consolidar-se como uma rede acad\u00eamica de refer\u00eancia no estudo da Teoria Pura do Direito e das tradi\u00e7\u00f5es normativistas contempor\u00e2neas, fortalecendo o di\u00e1logo entre a Europa e a Am\u00e9rica Latina e apoiando projetos cient\u00edficos e editoriais de longo alcance.<\/p>\n\n\n\n<ul class=\"wp-block-list\">\n<li><a href=\"https:\/\/riek-kelsen.org\/pt\/objetivos\/\" target=\"_blank\" rel=\"noopener\" title=\"Objetivos\">Objetivos<\/a><\/li>\n\n\n\n<li><a href=\"https:\/\/riek-kelsen.org\/pt\/historia\/\" target=\"_blank\" rel=\"noopener\" title=\"Hist\u00f3ria Institucional\">Hist\u00f3ria Institucional<\/a><\/li>\n\n\n\n<li><a href=\"https:\/\/riek-kelsen.org\/pt\/gobernanza\/\" target=\"_blank\" rel=\"noopener\" title=\"Governan\u00e7a\">Governan\u00e7a<\/a><\/li>\n\n\n\n<li><a href=\"https:\/\/riek-kelsen.org\/pt\/identidad-visual\/\" target=\"_blank\" rel=\"noopener\" title=\"Identidade Visual\">Identidade Visual<\/a><\/li>\n<\/ul>\n\n\n\n<p><\/p>","protected":false},"excerpt":{"rendered":"<p>La RIEK tiene como misi\u00f3n promover el estudio del pensamiento de Hans Kelsen y de los representantes de la Escuela [&hellip;]<\/p>\n","protected":false},"author":1,"featured_media":0,"parent":0,"menu_order":0,"comment_status":"closed","ping_status":"closed","template":"","meta":{"site-sidebar-layout":"default","site-content-layout":"","ast-site-content-layout":"default","site-content-style":"default","site-sidebar-style":"default","ast-global-header-display":"","ast-banner-title-visibility":"","ast-main-header-display":"","ast-hfb-above-header-display":"","ast-hfb-below-header-display":"","ast-hfb-mobile-header-display":"","site-post-title":"","ast-breadcrumbs-content":"","ast-featured-img":"","footer-sml-layout":"","ast-disable-related-posts":"","theme-transparent-header-meta":"","adv-header-id-meta":"","stick-header-meta":"","header-above-stick-meta":"","header-main-stick-meta":"","header-below-stick-meta":"","astra-migrate-meta-layouts":"default","ast-page-background-enabled":"default","ast-page-background-meta":{"desktop":{"background-color":"var(--ast-global-color-5)","background-image":"","background-repeat":"repeat","background-position":"center center","background-size":"auto","background-attachment":"scroll","background-type":"","background-media":"","overlay-type":"","overlay-color":"","overlay-opacity":"","overlay-gradient":""},"tablet":{"background-color":"","background-image":"","background-repeat":"repeat","background-position":"center center","background-size":"auto","background-attachment":"scroll","background-type":"","background-media":"","overlay-type":"","overlay-color":"","overlay-opacity":"","overlay-gradient":""},"mobile":{"background-color":"","background-image":"","background-repeat":"repeat","background-position":"center center","background-size":"auto","background-attachment":"scroll","background-type":"","background-media":"","overlay-type":"","overlay-color":"","overlay-opacity":"","overlay-gradient":""}},"ast-content-background-meta":{"desktop":{"background-color":"var(--ast-global-color-4)","background-image":"","background-repeat":"repeat","background-position":"center center","background-size":"auto","background-attachment":"scroll","background-type":"","background-media":"","overlay-type":"","overlay-color":"","overlay-opacity":"","overlay-gradient":""},"tablet":{"background-color":"var(--ast-global-color-4)","background-image":"","background-repeat":"repeat","background-position":"center center","background-size":"auto","background-attachment":"scroll","background-type":"","background-media":"","overlay-type":"","overlay-color":"","overlay-opacity":"","overlay-gradient":""},"mobile":{"background-color":"var(--ast-global-color-4)","background-image":"","background-repeat":"repeat","background-position":"center center","background-size":"auto","background-attachment":"scroll","background-type":"","background-media":"","overlay-type":"","overlay-color":"","overlay-opacity":"","overlay-gradient":""}},"footnotes":""},"class_list":["post-88","page","type-page","status-publish","hentry"],"aioseo_notices":[],"_hostinger_reach_plugin_has_subscription_block":false,"_hostinger_reach_plugin_is_elementor":false,"_links":{"self":[{"href":"https:\/\/riek-kelsen.org\/pt\/wp-json\/wp\/v2\/pages\/88","targetHints":{"allow":["GET"]}}],"collection":[{"href":"https:\/\/riek-kelsen.org\/pt\/wp-json\/wp\/v2\/pages"}],"about":[{"href":"https:\/\/riek-kelsen.org\/pt\/wp-json\/wp\/v2\/types\/page"}],"author":[{"embeddable":true,"href":"https:\/\/riek-kelsen.org\/pt\/wp-json\/wp\/v2\/users\/1"}],"replies":[{"embeddable":true,"href":"https:\/\/riek-kelsen.org\/pt\/wp-json\/wp\/v2\/comments?post=88"}],"version-history":[{"count":5,"href":"https:\/\/riek-kelsen.org\/pt\/wp-json\/wp\/v2\/pages\/88\/revisions"}],"predecessor-version":[{"id":499,"href":"https:\/\/riek-kelsen.org\/pt\/wp-json\/wp\/v2\/pages\/88\/revisions\/499"}],"wp:attachment":[{"href":"https:\/\/riek-kelsen.org\/pt\/wp-json\/wp\/v2\/media?parent=88"}],"curies":[{"name":"wp","href":"https:\/\/api.w.org\/{rel}","templated":true}]}}