{"id":317,"date":"2026-02-22T22:28:50","date_gmt":"2026-02-22T21:28:50","guid":{"rendered":"https:\/\/riek-kelsen.org\/?page_id=317"},"modified":"2026-04-13T16:40:00","modified_gmt":"2026-04-13T14:40:00","slug":"aviso-legal","status":"publish","type":"page","link":"https:\/\/riek-kelsen.org\/pt\/aviso-legal\/","title":{"rendered":"Aviso Legal"},"content":{"rendered":"<p>Em cumprimento das obriga\u00e7\u00f5es legais aplic\u00e1veis na Alemanha (\u00a7 5 Digitale-Dienste-Gesetz \u2013 DDG) e na \u00c1ustria (\u00a7 25 Mediengesetz), informa-se o seguinte:<\/p>\n\n\n\n<p><strong><a href=\"https:\/\/riek-kelsen.org\/pt\/red-iberoamericana-hans-kelsen\/\" target=\"_blank\" rel=\"noopener\" title=\"A RIEK\">Rede Ibero-Americana de Estudos sobre Hans Kelsen e a Escola de Viena de Teoria do Direito (RIEK)<\/a><\/strong><\/p>\n\n\n\n<p><strong>Respons\u00e1vel pelo conte\u00fado:<\/strong><br>Gonzalo Villa Rosas (Secretaria Executiva provis\u00f3ria da RIEK)<br>Projensdorfer Stra\u00dfe 14, 24106 Kiel (Schleswig-Holstein, Alemanha)<br>Correio eletr\u00f4nico: <a>info@riek-kelsen.org<\/a><\/p>\n\n\n\n<p>A <a href=\"https:\/\/riek-kelsen.org\/pt\/red-iberoamericana-hans-kelsen\/\" target=\"_blank\" rel=\"noopener\" title=\"A RIEK\">RIEK<\/a> encontra-se em processo de constitui\u00e7\u00e3o formal conforme o direito austr\u00edaco. At\u00e9 ao seu registo definitivo, a Secretaria Executiva provis\u00f3ria exerce as fun\u00e7\u00f5es de coordena\u00e7\u00e3o editorial e administrativa do s\u00edtio web.<\/p>\n\n\n\n<p>A denomina\u00e7\u00e3o \u00abRIEK\u00ae\u00bb encontra-se registrada como marca nominativa perante o Deutsches Patent- und Markenamt (DPMA, Alemanha).<br>O nome da rede, o seu logotipo e os elementos que comp\u00f5em a identidade visual do projeto fazem parte da identidade institucional do mesmo.<\/p>\n\n\n\n<p>O uso do nome \u00abRIEK\u00bb, de seu logotipo ou dos elementos de identidade visual associados sem autoriza\u00e7\u00e3o expressa poder\u00e1 dar lugar ao exerc\u00edcio das a\u00e7\u00f5es legais correspondentes conforme a legisla\u00e7\u00e3o aplic\u00e1vel.<\/p>\n\n\n\n<p><\/p>","protected":false},"excerpt":{"rendered":"<p>En cumplimiento de las obligaciones legales aplicables en Alemania (\u00a7 5 Digitale-Dienste-Gesetz \u2013 DDG) y en Austria (\u00a7 25 Mediengesetz), [&hellip;]<\/p>\n","protected":false},"author":1,"featured_media":0,"parent":0,"menu_order":0,"comment_status":"closed","ping_status":"closed","template":"","meta":{"site-sidebar-layout":"default","site-content-layout":"","ast-site-content-layout":"default","site-content-style":"default","site-sidebar-style":"default","ast-global-header-display":"","ast-banner-title-visibility":"","ast-main-header-display":"","ast-hfb-above-header-display":"","ast-hfb-below-header-display":"","ast-hfb-mobile-header-display":"","site-post-title":"","ast-breadcrumbs-content":"","ast-featured-img":"","footer-sml-layout":"","ast-disable-related-posts":"","theme-transparent-header-meta":"","adv-header-id-meta":"","stick-header-meta":"","header-above-stick-meta":"","header-main-stick-meta":"","header-below-stick-meta":"","astra-migrate-meta-layouts":"default","ast-page-background-enabled":"default","ast-page-background-meta":{"desktop":{"background-color":"var(--ast-global-color-5)","background-image":"","background-repeat":"repeat","background-position":"center center","background-size":"auto","background-attachment":"scroll","background-type":"","background-media":"","overlay-type":"","overlay-color":"","overlay-opacity":"","overlay-gradient":""},"tablet":{"background-color":"","background-image":"","background-repeat":"repeat","background-position":"center center","background-size":"auto","background-attachment":"scroll","background-type":"","background-media":"","overlay-type":"","overlay-color":"","overlay-opacity":"","overlay-gradient":""},"mobile":{"background-color":"","background-image":"","background-repeat":"repeat","background-position":"center center","background-size":"auto","background-attachment":"scroll","background-type":"","background-media":"","overlay-type":"","overlay-color":"","overlay-opacity":"","overlay-gradient":""}},"ast-content-background-meta":{"desktop":{"background-color":"var(--ast-global-color-4)","background-image":"","background-repeat":"repeat","background-position":"center center","background-size":"auto","background-attachment":"scroll","background-type":"","background-media":"","overlay-type":"","overlay-color":"","overlay-opacity":"","overlay-gradient":""},"tablet":{"background-color":"var(--ast-global-color-4)","background-image":"","background-repeat":"repeat","background-position":"center center","background-size":"auto","background-attachment":"scroll","background-type":"","background-media":"","overlay-type":"","overlay-color":"","overlay-opacity":"","overlay-gradient":""},"mobile":{"background-color":"var(--ast-global-color-4)","background-image":"","background-repeat":"repeat","background-position":"center center","background-size":"auto","background-attachment":"scroll","background-type":"","background-media":"","overlay-type":"","overlay-color":"","overlay-opacity":"","overlay-gradient":""}},"footnotes":""},"class_list":["post-317","page","type-page","status-publish","hentry"],"aioseo_notices":[],"_hostinger_reach_plugin_has_subscription_block":false,"_hostinger_reach_plugin_is_elementor":false,"_links":{"self":[{"href":"https:\/\/riek-kelsen.org\/pt\/wp-json\/wp\/v2\/pages\/317","targetHints":{"allow":["GET"]}}],"collection":[{"href":"https:\/\/riek-kelsen.org\/pt\/wp-json\/wp\/v2\/pages"}],"about":[{"href":"https:\/\/riek-kelsen.org\/pt\/wp-json\/wp\/v2\/types\/page"}],"author":[{"embeddable":true,"href":"https:\/\/riek-kelsen.org\/pt\/wp-json\/wp\/v2\/users\/1"}],"replies":[{"embeddable":true,"href":"https:\/\/riek-kelsen.org\/pt\/wp-json\/wp\/v2\/comments?post=317"}],"version-history":[{"count":12,"href":"https:\/\/riek-kelsen.org\/pt\/wp-json\/wp\/v2\/pages\/317\/revisions"}],"predecessor-version":[{"id":617,"href":"https:\/\/riek-kelsen.org\/pt\/wp-json\/wp\/v2\/pages\/317\/revisions\/617"}],"wp:attachment":[{"href":"https:\/\/riek-kelsen.org\/pt\/wp-json\/wp\/v2\/media?parent=317"}],"curies":[{"name":"wp","href":"https:\/\/api.w.org\/{rel}","templated":true}]}}