{"id":29,"date":"2026-02-18T10:17:20","date_gmt":"2026-02-18T09:17:20","guid":{"rendered":"https:\/\/riek-kelsen.org\/?page_id=29"},"modified":"2026-04-13T16:00:55","modified_gmt":"2026-04-13T14:00:55","slug":"capitulos","status":"publish","type":"page","link":"https:\/\/riek-kelsen.org\/pt\/capitulos\/","title":{"rendered":"Cap\u00edtulos"},"content":{"rendered":"<p>A <a href=\"https:\/\/riek-kelsen.org\/pt\/red-iberoamericana-hans-kelsen\/\" target=\"_blank\" rel=\"noopener\" title=\"A RIEK\">RIEK<\/a> estrutura-se como uma rede acad\u00eamica federada composta por cap\u00edtulos nacionais ou regionais, que constituem o \u00e2mbito de articula\u00e7\u00e3o cient\u00edfica em cada pa\u00eds ou regi\u00e3o.<\/p>\n\n\n\n<p>Os cap\u00edtulos re\u00fanem pesquisadores e especialistas vinculados a universidades e centros de estudo, promovendo o desenvolvimento de atividades acad\u00eamicas em coer\u00eancia com os fins gerais da <a href=\"https:\/\/riek-kelsen.org\/pt\/red-iberoamericana-hans-kelsen\/\" target=\"_blank\" rel=\"noopener\" title=\"A RIEK\">RIEK<\/a>.<\/p>\n\n\n\n<p>Cada cap\u00edtulo goza de autonomia organizacional e normativa para definir sua estrutura interna, seus procedimentos e seus padr\u00f5es acad\u00eamicos, desde que n\u00e3o contrariem os princ\u00edpios orientadores nem os limites estabelecidos pelos Estatutos Gerais.<\/p>\n\n\n\n<p>Para seu reconhecimento, um cap\u00edtulo dever\u00e1 contar com:<\/p>\n\n\n\n<p>\u2022 Estatutos pr\u00f3prios e regulamento interno.<br>\u2022 Membros individualmente identificados.<br>\u2022 Um representante e um suplente perante a Assembleia Geral.<br>\u2022 Institui\u00e7\u00f5es acad\u00eamicas associadas.<br>\u2022 Um plano anual de atividades acad\u00eamicas.<\/p>\n\n\n\n<p>Os cap\u00edtulos s\u00e3o respons\u00e1veis pela gest\u00e3o editorial de sua se\u00e7\u00e3o dentro do ecossistema digital da <a href=\"https:\/\/riek-kelsen.org\/pt\/red-iberoamericana-hans-kelsen\/\" target=\"_blank\" rel=\"noopener\" title=\"A RIEK\">RIEK<\/a> e pelo desenvolvimento de suas atividades acad\u00eamicas, em conformidade com os princ\u00edpios institucionais da Rede.<\/p>\n\n\n\n<p>A capta\u00e7\u00e3o de recursos ou a assun\u00e7\u00e3o de compromissos financeiros em nome da <a href=\"https:\/\/riek-kelsen.org\/pt\/red-iberoamericana-hans-kelsen\/\" target=\"_blank\" rel=\"noopener\" title=\"A RIEK\">RIEK<\/a> exigir\u00e1 autoriza\u00e7\u00e3o expressa conforme os Estatutos Gerais, a fim de garantir a transpar\u00eancia e a coer\u00eancia institucional da Rede.<\/p>\n\n\n\n<p>A <a href=\"https:\/\/riek-kelsen.org\/pt\/red-iberoamericana-hans-kelsen\/\" title=\"A RIEK\">RIEK<\/a> mant\u00e9m di\u00e1logos acad\u00eamicos com pesquisadores de diversas regi\u00f5es do espa\u00e7o ibero-americano com vistas \u00e0 futura constitui\u00e7\u00e3o de novos cap\u00edtulos.<\/p>\n\n\n\n<p><a href=\"https:\/\/riek-kelsen.org\/pt\/capitulo-riek-colombia\/\" target=\"_blank\" rel=\"noopener\" title=\"Cap\u00edtulo RIEK-Col\u00f4mbia\">Cap\u00edtulo RIEK-Col\u00f4mbia<\/a><\/p>","protected":false},"excerpt":{"rendered":"<p>La RIEK se estructura como una red acad\u00e9mica federada compuesta por cap\u00edtulos nacionales o regionales, que constituyen el \u00e1mbito de [&hellip;]<\/p>\n","protected":false},"author":1,"featured_media":0,"parent":0,"menu_order":0,"comment_status":"closed","ping_status":"closed","template":"","meta":{"site-sidebar-layout":"default","site-content-layout":"","ast-site-content-layout":"default","site-content-style":"default","site-sidebar-style":"default","ast-global-header-display":"","ast-banner-title-visibility":"","ast-main-header-display":"","ast-hfb-above-header-display":"","ast-hfb-below-header-display":"","ast-hfb-mobile-header-display":"","site-post-title":"","ast-breadcrumbs-content":"","ast-featured-img":"","footer-sml-layout":"","ast-disable-related-posts":"","theme-transparent-header-meta":"","adv-header-id-meta":"","stick-header-meta":"","header-above-stick-meta":"","header-main-stick-meta":"","header-below-stick-meta":"","astra-migrate-meta-layouts":"default","ast-page-background-enabled":"default","ast-page-background-meta":{"desktop":{"background-color":"var(--ast-global-color-5)","background-image":"","background-repeat":"repeat","background-position":"center center","background-size":"auto","background-attachment":"scroll","background-type":"","background-media":"","overlay-type":"","overlay-color":"","overlay-opacity":"","overlay-gradient":""},"tablet":{"background-color":"","background-image":"","background-repeat":"repeat","background-position":"center center","background-size":"auto","background-attachment":"scroll","background-type":"","background-media":"","overlay-type":"","overlay-color":"","overlay-opacity":"","overlay-gradient":""},"mobile":{"background-color":"","background-image":"","background-repeat":"repeat","background-position":"center center","background-size":"auto","background-attachment":"scroll","background-type":"","background-media":"","overlay-type":"","overlay-color":"","overlay-opacity":"","overlay-gradient":""}},"ast-content-background-meta":{"desktop":{"background-color":"var(--ast-global-color-4)","background-image":"","background-repeat":"repeat","background-position":"center center","background-size":"auto","background-attachment":"scroll","background-type":"","background-media":"","overlay-type":"","overlay-color":"","overlay-opacity":"","overlay-gradient":""},"tablet":{"background-color":"var(--ast-global-color-4)","background-image":"","background-repeat":"repeat","background-position":"center center","background-size":"auto","background-attachment":"scroll","background-type":"","background-media":"","overlay-type":"","overlay-color":"","overlay-opacity":"","overlay-gradient":""},"mobile":{"background-color":"var(--ast-global-color-4)","background-image":"","background-repeat":"repeat","background-position":"center center","background-size":"auto","background-attachment":"scroll","background-type":"","background-media":"","overlay-type":"","overlay-color":"","overlay-opacity":"","overlay-gradient":""}},"footnotes":""},"class_list":["post-29","page","type-page","status-publish","hentry"],"aioseo_notices":[],"_hostinger_reach_plugin_has_subscription_block":false,"_hostinger_reach_plugin_is_elementor":false,"_links":{"self":[{"href":"https:\/\/riek-kelsen.org\/pt\/wp-json\/wp\/v2\/pages\/29","targetHints":{"allow":["GET"]}}],"collection":[{"href":"https:\/\/riek-kelsen.org\/pt\/wp-json\/wp\/v2\/pages"}],"about":[{"href":"https:\/\/riek-kelsen.org\/pt\/wp-json\/wp\/v2\/types\/page"}],"author":[{"embeddable":true,"href":"https:\/\/riek-kelsen.org\/pt\/wp-json\/wp\/v2\/users\/1"}],"replies":[{"embeddable":true,"href":"https:\/\/riek-kelsen.org\/pt\/wp-json\/wp\/v2\/comments?post=29"}],"version-history":[{"count":7,"href":"https:\/\/riek-kelsen.org\/pt\/wp-json\/wp\/v2\/pages\/29\/revisions"}],"predecessor-version":[{"id":612,"href":"https:\/\/riek-kelsen.org\/pt\/wp-json\/wp\/v2\/pages\/29\/revisions\/612"}],"wp:attachment":[{"href":"https:\/\/riek-kelsen.org\/pt\/wp-json\/wp\/v2\/media?parent=29"}],"curies":[{"name":"wp","href":"https:\/\/api.w.org\/{rel}","templated":true}]}}