{"id":23,"date":"2026-02-18T01:54:24","date_gmt":"2026-02-18T00:54:24","guid":{"rendered":"https:\/\/riek-kelsen.org\/?page_id=23"},"modified":"2026-04-15T17:24:55","modified_gmt":"2026-04-15T15:24:55","slug":"inicio","status":"publish","type":"page","link":"https:\/\/riek-kelsen.org\/pt\/","title":{"rendered":"In\u00edcio"},"content":{"rendered":"<h1 class=\"wp-block-heading\">A Rede Ibero-Americana de Estudos sobre Hans Kelsen e a Escola de Viena de Teoria do Direito (RIEK)<\/h1>\n\n\n\n<p>A <strong><a href=\"https:\/\/riek-kelsen.org\/pt\/red-iberoamericana-hans-kelsen\/\" target=\"_blank\" rel=\"noopener\" title=\"\">Rede Ibero-Americana de Estudos sobre Hans Kelsen e a Escola de Viena de Teoria do Direito (RIEK)<\/a><\/strong>, frequentemente referida como a <strong><a href=\"https:\/\/riek-kelsen.org\/pt\/red-iberoamericana-hans-kelsen\/\" target=\"_blank\" rel=\"noopener\" title=\"\">Rede Ibero-Americana Hans Kelsen<\/a><\/strong>\u00e9 uma rede acad\u00eamica internacional voltada \u00e0 promo\u00e7\u00e3o, pesquisa e difus\u00e3o do pensamento de <strong>Hans Kelsen<\/strong> e da tradi\u00e7\u00e3o da <strong>Escola de Viena<\/strong> no \u00e2mbito ibero-americano.<\/p>\n\n\n\n<p>O site https:\/\/riek-kelsen.org\n constitui a plataforma institucional oficial da <a href=\"https:\/\/riek-kelsen.org\/pt\/red-iberoamericana-hans-kelsen\/\" target=\"_blank\" rel=\"noopener\" title=\"A RIEK\">RIEK<\/a> e a refer\u00eancia autorizada de sua atividade acad\u00eamica, organiza\u00e7\u00e3o interna e proje\u00e7\u00e3o internacional.<\/p>\n\n\n\n<p>Este \u00e9 o site oficial da <a href=\"https:\/\/riek-kelsen.org\/pt\/red-iberoamericana-hans-kelsen\/\" target=\"_blank\" rel=\"noopener\" title=\"A RIEK\">Rede Ibero-Americana de Estudos sobre Hans Kelsen (RIEK).<\/a>.<\/p>\n\n\n\n<h2 class=\"wp-block-heading\">O que \u00e9 a RIEK?<\/h2>\n\n\n\n<p>A <a href=\"https:\/\/riek-kelsen.org\/pt\/red-iberoamericana-hans-kelsen\/\" target=\"_blank\" rel=\"noopener\" title=\"\">RIEK<\/a> \u00e9 uma rede acad\u00eamica internacional voltada a consolidar uma plataforma de pesquisa e difus\u00e3o especializada no estudo da obra de Hans Kelsen e dos representantes da Escola de Viena de Teoria do Direito. Nesse contexto, a Rede articula universidades, centros de pesquisa e especialistas em teoria do direito com o objetivo de promover o interc\u00e2mbio cient\u00edfico, a coopera\u00e7\u00e3o internacional e o desenvolvimento de projetos editoriais e de pesquisa de longo alcance no \u00e2mbito ibero-americano.<\/p>\n\n\n\n<h2 class=\"wp-block-heading\">Estrutura institucional<\/h2>\n\n\n\n<p>A <a href=\"https:\/\/riek-kelsen.org\/pt\/capitulos\/\" target=\"_blank\" rel=\"noopener\" title=\"Cap\u00edtulos\">RIEK<\/a> estrutura-se como uma rede federada de cap\u00edtulos nacionais e regionais, coordenados no \u00e2mbito de uma arquitetura institucional comum. Cada cap\u00edtulo desenvolve atividades acad\u00eamicas pr\u00f3prias, em coer\u00eancia com os fins gerais da Rede.<\/p>\n\n\n\n<h2 class=\"wp-block-heading\">Congressos da RIEK<\/h2>\n\n\n\n<p>O <strong><a href=\"https:\/\/riek-kelsen.org\/pt\/congreso-red-iberoamericana-hans-kelsen-riek-2026\/\" target=\"_blank\" rel=\"noopener\" title=\"Primeiro Congresso da Rede Ibero-Americana de Estudos sobre Hans Kelsen e a Escola de Viena de Teoria do Direito (RIEK)\">Primeiro Congresso da Rede Ibero-Americana de Estudos sobre Hans Kelsen e a Escola de Viena de Teoria do Direito (RIEK)<\/a><\/strong> teve lugar nos dias 4, 5 e 6 de fevereiro de 2026 em Bogot\u00e1 e Medell\u00edn (Col\u00f4mbia), constituindo o primeiro encontro acad\u00eamico internacional da Rede.<\/p>\n\n\n\n<p>Veja: <strong><a href=\"https:\/\/riek-kelsen.org\/pt\/congreso-red-iberoamericana-hans-kelsen-riek-2026\/\" target=\"_blank\" rel=\"noopener\" title=\"\">Primeiro Congresso da RIEK 2026<\/a><\/strong> | <strong><a href=\"https:\/\/riek-kelsen.org\/wp-content\/uploads\/2026\/02\/PrimerCongresoRIEK_Folleto.pdf\" target=\"_blank\" rel=\"noopener\" title=\"PrimerCongresoRIEK_Folleto\">Dossi\u00ea do Primeiro Congresso da RIEK (espanhol)<\/a><\/strong><\/p>\n\n\n\n<p>O II Congresso encontra-se atualmente em prepara\u00e7\u00e3o.<\/p>\n\n\n\n<h2 class=\"wp-block-heading\">\u00c2mbito ibero-americano e proje\u00e7\u00e3o internacional<\/h2>\n\n\n\n<p>A <strong><a href=\"https:\/\/riek-kelsen.org\/pt\/red-iberoamericana-hans-kelsen\/\" target=\"_blank\" rel=\"noopener\" title=\"A RIEK\">RIEK<\/a><\/strong> configura-se como um espa\u00e7o de refer\u00eancia acad\u00eamica para os estudos kelsenianos e dos representantes da Escola de Viena de Teoria do Direito no mundo ibero-americano, fortalecendo o di\u00e1logo acad\u00eamico entre a Europa e a Am\u00e9rica Latina.<\/p>\n\n\n\n<p><\/p>","protected":false},"excerpt":{"rendered":"<p>La Red Iberoamericana de Estudios sobre Hans Kelsen y la Escuela de Viena de Teor\u00eda del Derecho (RIEK) La Red [&hellip;]<\/p>\n","protected":false},"author":1,"featured_media":0,"parent":0,"menu_order":0,"comment_status":"closed","ping_status":"closed","template":"","meta":{"site-sidebar-layout":"default","site-content-layout":"","ast-site-content-layout":"default","site-content-style":"default","site-sidebar-style":"default","ast-global-header-display":"","ast-banner-title-visibility":"","ast-main-header-display":"","ast-hfb-above-header-display":"","ast-hfb-below-header-display":"","ast-hfb-mobile-header-display":"","site-post-title":"","ast-breadcrumbs-content":"","ast-featured-img":"","footer-sml-layout":"","ast-disable-related-posts":"","theme-transparent-header-meta":"","adv-header-id-meta":"","stick-header-meta":"","header-above-stick-meta":"","header-main-stick-meta":"","header-below-stick-meta":"","astra-migrate-meta-layouts":"default","ast-page-background-enabled":"default","ast-page-background-meta":{"desktop":{"background-color":"var(--ast-global-color-5)","background-image":"","background-repeat":"repeat","background-position":"center center","background-size":"auto","background-attachment":"scroll","background-type":"","background-media":"","overlay-type":"","overlay-color":"","overlay-opacity":"","overlay-gradient":""},"tablet":{"background-color":"","background-image":"","background-repeat":"repeat","background-position":"center center","background-size":"auto","background-attachment":"scroll","background-type":"","background-media":"","overlay-type":"","overlay-color":"","overlay-opacity":"","overlay-gradient":""},"mobile":{"background-color":"","background-image":"","background-repeat":"repeat","background-position":"center center","background-size":"auto","background-attachment":"scroll","background-type":"","background-media":"","overlay-type":"","overlay-color":"","overlay-opacity":"","overlay-gradient":""}},"ast-content-background-meta":{"desktop":{"background-color":"var(--ast-global-color-4)","background-image":"","background-repeat":"repeat","background-position":"center center","background-size":"auto","background-attachment":"scroll","background-type":"","background-media":"","overlay-type":"","overlay-color":"","overlay-opacity":"","overlay-gradient":""},"tablet":{"background-color":"var(--ast-global-color-4)","background-image":"","background-repeat":"repeat","background-position":"center center","background-size":"auto","background-attachment":"scroll","background-type":"","background-media":"","overlay-type":"","overlay-color":"","overlay-opacity":"","overlay-gradient":""},"mobile":{"background-color":"var(--ast-global-color-4)","background-image":"","background-repeat":"repeat","background-position":"center center","background-size":"auto","background-attachment":"scroll","background-type":"","background-media":"","overlay-type":"","overlay-color":"","overlay-opacity":"","overlay-gradient":""}},"footnotes":""},"class_list":["post-23","page","type-page","status-publish","hentry"],"aioseo_notices":[],"_hostinger_reach_plugin_has_subscription_block":false,"_hostinger_reach_plugin_is_elementor":false,"_links":{"self":[{"href":"https:\/\/riek-kelsen.org\/pt\/wp-json\/wp\/v2\/pages\/23","targetHints":{"allow":["GET"]}}],"collection":[{"href":"https:\/\/riek-kelsen.org\/pt\/wp-json\/wp\/v2\/pages"}],"about":[{"href":"https:\/\/riek-kelsen.org\/pt\/wp-json\/wp\/v2\/types\/page"}],"author":[{"embeddable":true,"href":"https:\/\/riek-kelsen.org\/pt\/wp-json\/wp\/v2\/users\/1"}],"replies":[{"embeddable":true,"href":"https:\/\/riek-kelsen.org\/pt\/wp-json\/wp\/v2\/comments?post=23"}],"version-history":[{"count":37,"href":"https:\/\/riek-kelsen.org\/pt\/wp-json\/wp\/v2\/pages\/23\/revisions"}],"predecessor-version":[{"id":664,"href":"https:\/\/riek-kelsen.org\/pt\/wp-json\/wp\/v2\/pages\/23\/revisions\/664"}],"wp:attachment":[{"href":"https:\/\/riek-kelsen.org\/pt\/wp-json\/wp\/v2\/media?parent=23"}],"curies":[{"name":"wp","href":"https:\/\/api.w.org\/{rel}","templated":true}]}}