{"id":116,"date":"2026-02-18T16:52:08","date_gmt":"2026-02-18T15:52:08","guid":{"rendered":"https:\/\/riek-kelsen.org\/?page_id=116"},"modified":"2026-02-23T11:07:48","modified_gmt":"2026-02-23T10:07:48","slug":"secretaria-ejecutiva-riek","status":"publish","type":"page","link":"https:\/\/riek-kelsen.org\/pt\/secretaria-ejecutiva-riek\/","title":{"rendered":"\u00d3rg\u00e3o Diretivo"},"content":{"rendered":"<p>O \u00d3rg\u00e3o Diretivo constituir\u00e1 a inst\u00e2ncia operacional central da RIEK e estar\u00e1 hierarquicamente subordinado \u00e0 Assembleia Geral.<\/p>\n\n\n\n<p>Compete-lhe a implementa\u00e7\u00e3o das decis\u00f5es adotadas pela Assembleia, a coordena\u00e7\u00e3o administrativa da Rede e a articula\u00e7\u00e3o permanente entre a Assembleia, a Coordena\u00e7\u00e3o Internacional e os cap\u00edtulos nacionais ou regionais.<\/p>\n\n\n\n<p>Poder\u00e1, igualmente, convocar comit\u00eas ad hoc para assuntos espec\u00edficos, tais como avalia\u00e7\u00f5es acad\u00eamicas, organiza\u00e7\u00e3o de congressos ou procedimentos disciplinares, em conformidade com as diretrizes estabelecidas pela Assembleia.<\/p>\n\n\n\n<p><\/p>\n\n\n\n<ul class=\"wp-block-list\">\n<li><a href=\"https:\/\/riek-kelsen.org\/pt\/coordinacion-international\/\" target=\"_blank\" rel=\"noopener\" title=\"Secretar\u00eda Ejecutiva\">Coordena\u00e7\u00e3o Internacional<\/a><\/li>\n\n\n\n<li><a href=\"https:\/\/riek-kelsen.org\/pt\/asamblea-general-riek\/\" target=\"_blank\" rel=\"noopener\" title=\"Assembleia Geral RIEK\">Assembleia Geral RIEK<\/a><\/li>\n<\/ul>\n\n\n\n<p><\/p>\n\n\n\n<p><\/p>","protected":false},"excerpt":{"rendered":"<p>El \u00d3rgano Directivo ser\u00e1 la instancia operativa central de la RIEK y depender\u00e1 jer\u00e1rquicamente de la Asamblea General. Tendr\u00e1 a [&hellip;]<\/p>\n","protected":false},"author":1,"featured_media":0,"parent":0,"menu_order":0,"comment_status":"closed","ping_status":"closed","template":"","meta":{"site-sidebar-layout":"default","site-content-layout":"","ast-site-content-layout":"default","site-content-style":"default","site-sidebar-style":"default","ast-global-header-display":"","ast-banner-title-visibility":"","ast-main-header-display":"","ast-hfb-above-header-display":"","ast-hfb-below-header-display":"","ast-hfb-mobile-header-display":"","site-post-title":"","ast-breadcrumbs-content":"","ast-featured-img":"","footer-sml-layout":"","ast-disable-related-posts":"","theme-transparent-header-meta":"","adv-header-id-meta":"","stick-header-meta":"","header-above-stick-meta":"","header-main-stick-meta":"","header-below-stick-meta":"","astra-migrate-meta-layouts":"default","ast-page-background-enabled":"default","ast-page-background-meta":{"desktop":{"background-color":"var(--ast-global-color-5)","background-image":"","background-repeat":"repeat","background-position":"center center","background-size":"auto","background-attachment":"scroll","background-type":"","background-media":"","overlay-type":"","overlay-color":"","overlay-opacity":"","overlay-gradient":""},"tablet":{"background-color":"","background-image":"","background-repeat":"repeat","background-position":"center center","background-size":"auto","background-attachment":"scroll","background-type":"","background-media":"","overlay-type":"","overlay-color":"","overlay-opacity":"","overlay-gradient":""},"mobile":{"background-color":"","background-image":"","background-repeat":"repeat","background-position":"center center","background-size":"auto","background-attachment":"scroll","background-type":"","background-media":"","overlay-type":"","overlay-color":"","overlay-opacity":"","overlay-gradient":""}},"ast-content-background-meta":{"desktop":{"background-color":"var(--ast-global-color-4)","background-image":"","background-repeat":"repeat","background-position":"center center","background-size":"auto","background-attachment":"scroll","background-type":"","background-media":"","overlay-type":"","overlay-color":"","overlay-opacity":"","overlay-gradient":""},"tablet":{"background-color":"var(--ast-global-color-4)","background-image":"","background-repeat":"repeat","background-position":"center center","background-size":"auto","background-attachment":"scroll","background-type":"","background-media":"","overlay-type":"","overlay-color":"","overlay-opacity":"","overlay-gradient":""},"mobile":{"background-color":"var(--ast-global-color-4)","background-image":"","background-repeat":"repeat","background-position":"center center","background-size":"auto","background-attachment":"scroll","background-type":"","background-media":"","overlay-type":"","overlay-color":"","overlay-opacity":"","overlay-gradient":""}},"footnotes":""},"class_list":["post-116","page","type-page","status-publish","hentry"],"aioseo_notices":[],"_hostinger_reach_plugin_has_subscription_block":false,"_hostinger_reach_plugin_is_elementor":false,"_links":{"self":[{"href":"https:\/\/riek-kelsen.org\/pt\/wp-json\/wp\/v2\/pages\/116","targetHints":{"allow":["GET"]}}],"collection":[{"href":"https:\/\/riek-kelsen.org\/pt\/wp-json\/wp\/v2\/pages"}],"about":[{"href":"https:\/\/riek-kelsen.org\/pt\/wp-json\/wp\/v2\/types\/page"}],"author":[{"embeddable":true,"href":"https:\/\/riek-kelsen.org\/pt\/wp-json\/wp\/v2\/users\/1"}],"replies":[{"embeddable":true,"href":"https:\/\/riek-kelsen.org\/pt\/wp-json\/wp\/v2\/comments?post=116"}],"version-history":[{"count":17,"href":"https:\/\/riek-kelsen.org\/pt\/wp-json\/wp\/v2\/pages\/116\/revisions"}],"predecessor-version":[{"id":345,"href":"https:\/\/riek-kelsen.org\/pt\/wp-json\/wp\/v2\/pages\/116\/revisions\/345"}],"wp:attachment":[{"href":"https:\/\/riek-kelsen.org\/pt\/wp-json\/wp\/v2\/media?parent=116"}],"curies":[{"name":"wp","href":"https:\/\/api.w.org\/{rel}","templated":true}]}}