{"id":114,"date":"2026-02-18T16:51:33","date_gmt":"2026-02-18T15:51:33","guid":{"rendered":"https:\/\/riek-kelsen.org\/?page_id=114"},"modified":"2026-04-13T16:38:50","modified_gmt":"2026-04-13T14:38:50","slug":"asamblea-general-riek","status":"publish","type":"page","link":"https:\/\/riek-kelsen.org\/pt\/asamblea-general-riek\/","title":{"rendered":"Assembleia Geral RIEK"},"content":{"rendered":"<p>A Assembleia Geral da <a href=\"https:\/\/riek-kelsen.org\/pt\/red-iberoamericana-hans-kelsen\/\" target=\"_blank\" rel=\"noopener\" title=\"A RIEK\">RIEK<\/a> ser\u00e1 composta pelos representantes designados por cada cap\u00edtulo nacional ou regional, conforme os procedimentos internos estabelecidos em seus respectivos estatutos.<\/p>\n\n\n\n<p>Compete \u00e0 Assembleia adotar decis\u00f5es relativas \u00e0 cria\u00e7\u00e3o de novos cap\u00edtulos, \u00e0 aprova\u00e7\u00e3o de estatutos e \u00e0 elei\u00e7\u00e3o do \u00d3rg\u00e3o Diretivo.<\/p>\n\n\n\n<ul class=\"wp-block-list\">\n<li><a href=\"https:\/\/riek-kelsen.org\/pt\/coordinacion-international\/\" target=\"_blank\" rel=\"noopener\" title=\"Coordena\u00e7\u00e3o Internacional\">Coordena\u00e7\u00e3o Internacional<\/a><\/li>\n\n\n\n<li><a href=\"https:\/\/riek-kelsen.org\/pt\/secretaria-ejecutiva-riek\/\" target=\"_blank\" rel=\"noopener\" title=\"\u00d3rg\u00e3o Diretivo\">\u00d3rg\u00e3o Diretivo<\/a><\/li>\n<\/ul>\n\n\n\n<p><\/p>","protected":false},"excerpt":{"rendered":"<p>La Asamblea General de la RIEK estar\u00e1 integrada por los representantes designados por cada cap\u00edtulo nacional o regional, conforme a [&hellip;]<\/p>\n","protected":false},"author":1,"featured_media":0,"parent":0,"menu_order":0,"comment_status":"closed","ping_status":"closed","template":"","meta":{"site-sidebar-layout":"default","site-content-layout":"","ast-site-content-layout":"default","site-content-style":"default","site-sidebar-style":"default","ast-global-header-display":"","ast-banner-title-visibility":"","ast-main-header-display":"","ast-hfb-above-header-display":"","ast-hfb-below-header-display":"","ast-hfb-mobile-header-display":"","site-post-title":"","ast-breadcrumbs-content":"","ast-featured-img":"","footer-sml-layout":"","ast-disable-related-posts":"","theme-transparent-header-meta":"","adv-header-id-meta":"","stick-header-meta":"","header-above-stick-meta":"","header-main-stick-meta":"","header-below-stick-meta":"","astra-migrate-meta-layouts":"default","ast-page-background-enabled":"default","ast-page-background-meta":{"desktop":{"background-color":"var(--ast-global-color-5)","background-image":"","background-repeat":"repeat","background-position":"center center","background-size":"auto","background-attachment":"scroll","background-type":"","background-media":"","overlay-type":"","overlay-color":"","overlay-opacity":"","overlay-gradient":""},"tablet":{"background-color":"","background-image":"","background-repeat":"repeat","background-position":"center center","background-size":"auto","background-attachment":"scroll","background-type":"","background-media":"","overlay-type":"","overlay-color":"","overlay-opacity":"","overlay-gradient":""},"mobile":{"background-color":"","background-image":"","background-repeat":"repeat","background-position":"center center","background-size":"auto","background-attachment":"scroll","background-type":"","background-media":"","overlay-type":"","overlay-color":"","overlay-opacity":"","overlay-gradient":""}},"ast-content-background-meta":{"desktop":{"background-color":"var(--ast-global-color-4)","background-image":"","background-repeat":"repeat","background-position":"center center","background-size":"auto","background-attachment":"scroll","background-type":"","background-media":"","overlay-type":"","overlay-color":"","overlay-opacity":"","overlay-gradient":""},"tablet":{"background-color":"var(--ast-global-color-4)","background-image":"","background-repeat":"repeat","background-position":"center center","background-size":"auto","background-attachment":"scroll","background-type":"","background-media":"","overlay-type":"","overlay-color":"","overlay-opacity":"","overlay-gradient":""},"mobile":{"background-color":"var(--ast-global-color-4)","background-image":"","background-repeat":"repeat","background-position":"center center","background-size":"auto","background-attachment":"scroll","background-type":"","background-media":"","overlay-type":"","overlay-color":"","overlay-opacity":"","overlay-gradient":""}},"footnotes":""},"class_list":["post-114","page","type-page","status-publish","hentry"],"aioseo_notices":[],"_hostinger_reach_plugin_has_subscription_block":false,"_hostinger_reach_plugin_is_elementor":false,"_links":{"self":[{"href":"https:\/\/riek-kelsen.org\/pt\/wp-json\/wp\/v2\/pages\/114","targetHints":{"allow":["GET"]}}],"collection":[{"href":"https:\/\/riek-kelsen.org\/pt\/wp-json\/wp\/v2\/pages"}],"about":[{"href":"https:\/\/riek-kelsen.org\/pt\/wp-json\/wp\/v2\/types\/page"}],"author":[{"embeddable":true,"href":"https:\/\/riek-kelsen.org\/pt\/wp-json\/wp\/v2\/users\/1"}],"replies":[{"embeddable":true,"href":"https:\/\/riek-kelsen.org\/pt\/wp-json\/wp\/v2\/comments?post=114"}],"version-history":[{"count":12,"href":"https:\/\/riek-kelsen.org\/pt\/wp-json\/wp\/v2\/pages\/114\/revisions"}],"predecessor-version":[{"id":616,"href":"https:\/\/riek-kelsen.org\/pt\/wp-json\/wp\/v2\/pages\/114\/revisions\/616"}],"wp:attachment":[{"href":"https:\/\/riek-kelsen.org\/pt\/wp-json\/wp\/v2\/media?parent=114"}],"curies":[{"name":"wp","href":"https:\/\/api.w.org\/{rel}","templated":true}]}}