{"id":96,"date":"2026-02-18T15:47:08","date_gmt":"2026-02-18T14:47:08","guid":{"rendered":"https:\/\/riek-kelsen.org\/?page_id=96"},"modified":"2026-04-13T17:45:06","modified_gmt":"2026-04-13T15:45:06","slug":"gobernanza","status":"publish","type":"page","link":"https:\/\/riek-kelsen.org\/en\/gobernanza\/","title":{"rendered":"Governance"},"content":{"rendered":"<p>The <a href=\"https:\/\/riek-kelsen.org\/en\/red-iberoamericana-hans-kelsen\/\" target=\"_blank\" rel=\"noopener\" title=\"The RIEK Network\">RIEK Network<\/a> will be organized as a federated academic network that brings together researchers and specialists affiliated with various universities and research centres. Membership in the Network will be personal in nature and will be based on academic trajectory and commitment to its scientific objectives.<\/p>\n\n\n\n<p>Universities and research institutions shall participate as associated institutions through national or regional chapters, contributing to the development of academic activities and to the institutional projection of the Network. However, membership status shall pertain exclusively to natural persons.<\/p>\n\n\n\n<p>The governance structure will seek to balance the scientific autonomy of its members with the institutional support necessary to ensure the stability and continuity of the Network.<\/p>\n\n\n\n<p>The governance of the <a href=\"https:\/\/riek-kelsen.org\/en\/red-iberoamericana-hans-kelsen\/\" target=\"_blank\" rel=\"noopener\" title=\"The RIEK Network\">RIEK Network<\/a> will be inspired by and governed by the following principles:<\/p>\n\n\n\n<ol class=\"wp-block-list\">\n<li>Academic freedom, understood as the guarantee of scholarly independence in research, teaching, and debate.<\/li>\n\n\n\n<li>Epistemological pluralism, understood as the recognition of the legitimacy of diverse approaches within legal theory and legal philosophy.<\/li>\n\n\n\n<li>Scholarly cooperation, aimed at fostering joint and coordinated work among researchers, chapters, and associated institutions.<\/li>\n\n\n\n<li>Regional inclusion, intended to promote balanced representation across the Ibero-American sphere.<\/li>\n\n\n\n<li>Linguistic balance, aimed at promoting inclusive academic exchange in the languages of the Ibero-American sphere. The official languages of the Network are Spanish and Portuguese; the use of German and English is likewise recognized as languages of technical and bibliographical cooperation. The RIEK Network shall encourage the academic presence of other living languages of the Ibero-American sphere.<\/li>\n\n\n\n<li>Equality of representation and participation, with particular attention to generational and gender diversity.<\/li>\n<\/ol>\n\n\n\n<p>The <a href=\"https:\/\/riek-kelsen.org\/en\/red-iberoamericana-hans-kelsen\/\" target=\"_blank\" rel=\"noopener\" title=\"The RIEK Network\">RIEK Network<\/a> se encuentra en proceso de constituci\u00f3n formal como asociaci\u00f3n conforme al derecho austr\u00edaco. Durante la fase preestatutaria, la coordinaci\u00f3n operativa ser\u00e1 ejercida por Gonzalo Villa Rosas en comunicaci\u00f3n permanente con el Hans Kelsen-Institut (Viena) y la Hans-Kelsen-Forschungsstelle (Universidad de Friburgo). Las decisiones relativas a la futura asociaci\u00f3n RIEK se adoptar\u00e1n de com\u00fan acuerdo entre los firmantes del documento de intenci\u00f3n suscrito en la Reuni\u00f3n Inaugural celebrada el 4 de febrero de 2026 en Bogot\u00e1. Una vez formalizada como asociaci\u00f3n conforme al derecho austr\u00edaco, la gobernanza de la RIEK ser\u00e1 ejercida por tres \u00f3rganos centrales:<\/p>\n\n\n\n<ol class=\"wp-block-list\">\n<li><a href=\"https:\/\/riek-kelsen.org\/en\/coordinacion-international\/\" target=\"_blank\" rel=\"noopener\" title=\"International Coordination\">International Coordination<\/a><\/li>\n\n\n\n<li><a href=\"https:\/\/riek-kelsen.org\/en\/asamblea-general-riek\/\" target=\"_blank\" rel=\"noopener\" title=\"General Assembly of the RIEK Network\">General Assembly of the RIEK Network<\/a><\/li>\n\n\n\n<li><a href=\"https:\/\/riek-kelsen.org\/en\/secretaria-ejecutiva-riek\/\" target=\"_blank\" rel=\"noopener\" title=\"Executive Board\">Executive Board<\/a><\/li>\n<\/ol>\n\n\n\n<p><\/p>\n\n\n\n<ul class=\"wp-block-list\">\n<li><a href=\"https:\/\/riek-kelsen.org\/en\/mision-y-vision\/\" target=\"_blank\" rel=\"noopener\" title=\"Mission and Vision\">Mission and Vision<\/a><\/li>\n\n\n\n<li><a href=\"https:\/\/riek-kelsen.org\/en\/historia\/\" target=\"_blank\" rel=\"noopener\" title=\"Institutional History\">Institutional History<\/a><\/li>\n\n\n\n<li><a href=\"https:\/\/riek-kelsen.org\/en\/objetivos\/\" target=\"_blank\" rel=\"noopener\" title=\"Objectives\">Objectives<\/a><\/li>\n\n\n\n<li><a href=\"https:\/\/riek-kelsen.org\/en\/identidad-visual\/\" target=\"_blank\" rel=\"noopener\" title=\"Visual Identity\">Visual Identity<\/a><\/li>\n<\/ul>\n\n\n\n<p><\/p>","protected":false},"excerpt":{"rendered":"<p>La RIEK se organizar\u00e1 como una red acad\u00e9mica de car\u00e1cter federado que articular\u00e1 a investigadores y especialistas vinculados a diversas [&hellip;]<\/p>\n","protected":false},"author":1,"featured_media":0,"parent":0,"menu_order":0,"comment_status":"closed","ping_status":"closed","template":"","meta":{"site-sidebar-layout":"default","site-content-layout":"","ast-site-content-layout":"default","site-content-style":"default","site-sidebar-style":"default","ast-global-header-display":"","ast-banner-title-visibility":"","ast-main-header-display":"","ast-hfb-above-header-display":"","ast-hfb-below-header-display":"","ast-hfb-mobile-header-display":"","site-post-title":"","ast-breadcrumbs-content":"","ast-featured-img":"","footer-sml-layout":"","ast-disable-related-posts":"","theme-transparent-header-meta":"","adv-header-id-meta":"","stick-header-meta":"","header-above-stick-meta":"","header-main-stick-meta":"","header-below-stick-meta":"","astra-migrate-meta-layouts":"default","ast-page-background-enabled":"default","ast-page-background-meta":{"desktop":{"background-color":"var(--ast-global-color-5)","background-image":"","background-repeat":"repeat","background-position":"center center","background-size":"auto","background-attachment":"scroll","background-type":"","background-media":"","overlay-type":"","overlay-color":"","overlay-opacity":"","overlay-gradient":""},"tablet":{"background-color":"","background-image":"","background-repeat":"repeat","background-position":"center center","background-size":"auto","background-attachment":"scroll","background-type":"","background-media":"","overlay-type":"","overlay-color":"","overlay-opacity":"","overlay-gradient":""},"mobile":{"background-color":"","background-image":"","background-repeat":"repeat","background-position":"center center","background-size":"auto","background-attachment":"scroll","background-type":"","background-media":"","overlay-type":"","overlay-color":"","overlay-opacity":"","overlay-gradient":""}},"ast-content-background-meta":{"desktop":{"background-color":"var(--ast-global-color-4)","background-image":"","background-repeat":"repeat","background-position":"center center","background-size":"auto","background-attachment":"scroll","background-type":"","background-media":"","overlay-type":"","overlay-color":"","overlay-opacity":"","overlay-gradient":""},"tablet":{"background-color":"var(--ast-global-color-4)","background-image":"","background-repeat":"repeat","background-position":"center center","background-size":"auto","background-attachment":"scroll","background-type":"","background-media":"","overlay-type":"","overlay-color":"","overlay-opacity":"","overlay-gradient":""},"mobile":{"background-color":"var(--ast-global-color-4)","background-image":"","background-repeat":"repeat","background-position":"center center","background-size":"auto","background-attachment":"scroll","background-type":"","background-media":"","overlay-type":"","overlay-color":"","overlay-opacity":"","overlay-gradient":""}},"footnotes":""},"class_list":["post-96","page","type-page","status-publish","hentry"],"aioseo_notices":[],"_hostinger_reach_plugin_has_subscription_block":false,"_hostinger_reach_plugin_is_elementor":false,"_links":{"self":[{"href":"https:\/\/riek-kelsen.org\/en\/wp-json\/wp\/v2\/pages\/96","targetHints":{"allow":["GET"]}}],"collection":[{"href":"https:\/\/riek-kelsen.org\/en\/wp-json\/wp\/v2\/pages"}],"about":[{"href":"https:\/\/riek-kelsen.org\/en\/wp-json\/wp\/v2\/types\/page"}],"author":[{"embeddable":true,"href":"https:\/\/riek-kelsen.org\/en\/wp-json\/wp\/v2\/users\/1"}],"replies":[{"embeddable":true,"href":"https:\/\/riek-kelsen.org\/en\/wp-json\/wp\/v2\/comments?post=96"}],"version-history":[{"count":25,"href":"https:\/\/riek-kelsen.org\/en\/wp-json\/wp\/v2\/pages\/96\/revisions"}],"predecessor-version":[{"id":624,"href":"https:\/\/riek-kelsen.org\/en\/wp-json\/wp\/v2\/pages\/96\/revisions\/624"}],"wp:attachment":[{"href":"https:\/\/riek-kelsen.org\/en\/wp-json\/wp\/v2\/media?parent=96"}],"curies":[{"name":"wp","href":"https:\/\/api.w.org\/{rel}","templated":true}]}}