{"id":39,"date":"2026-02-18T10:18:33","date_gmt":"2026-02-18T09:18:33","guid":{"rendered":"https:\/\/riek-kelsen.org\/?page_id=39"},"modified":"2026-04-13T17:25:32","modified_gmt":"2026-04-13T15:25:32","slug":"contacto","status":"publish","type":"page","link":"https:\/\/riek-kelsen.org\/en\/contacto\/","title":{"rendered":"Contact"},"content":{"rendered":"<p>For institutional inquiries, academic proposals, or information about the Network, you may contact the (provisional) Executive Secretariat of the <a href=\"https:\/\/riek-kelsen.org\/en\/red-iberoamericana-hans-kelsen\/\" target=\"_blank\" rel=\"noopener\" title=\"The RIEK Network\">RIEK Network<\/a> via the following email address:<\/p>\n\n\n\n<p>\ud83d\udce9 <strong><a>info@riek-kelsen.org<\/a><\/strong><\/p>\n\n\n\n<p>Languages of communication: Spanish, Portuguese, German, and English.<\/p>\n\n\n\n<p><\/p>","protected":false},"excerpt":{"rendered":"<p>Para consultas institucionales, propuestas acad\u00e9micas o informaci\u00f3n sobre la Red, puede comunicarse a la Secretar\u00eda Ejecutiva (provisional) de la RIEK [&hellip;]<\/p>\n","protected":false},"author":1,"featured_media":0,"parent":0,"menu_order":0,"comment_status":"closed","ping_status":"closed","template":"","meta":{"site-sidebar-layout":"default","site-content-layout":"","ast-site-content-layout":"default","site-content-style":"default","site-sidebar-style":"default","ast-global-header-display":"","ast-banner-title-visibility":"","ast-main-header-display":"","ast-hfb-above-header-display":"","ast-hfb-below-header-display":"","ast-hfb-mobile-header-display":"","site-post-title":"","ast-breadcrumbs-content":"","ast-featured-img":"","footer-sml-layout":"","ast-disable-related-posts":"","theme-transparent-header-meta":"","adv-header-id-meta":"","stick-header-meta":"","header-above-stick-meta":"","header-main-stick-meta":"","header-below-stick-meta":"","astra-migrate-meta-layouts":"default","ast-page-background-enabled":"default","ast-page-background-meta":{"desktop":{"background-color":"var(--ast-global-color-5)","background-image":"","background-repeat":"repeat","background-position":"center center","background-size":"auto","background-attachment":"scroll","background-type":"","background-media":"","overlay-type":"","overlay-color":"","overlay-opacity":"","overlay-gradient":""},"tablet":{"background-color":"","background-image":"","background-repeat":"repeat","background-position":"center center","background-size":"auto","background-attachment":"scroll","background-type":"","background-media":"","overlay-type":"","overlay-color":"","overlay-opacity":"","overlay-gradient":""},"mobile":{"background-color":"","background-image":"","background-repeat":"repeat","background-position":"center center","background-size":"auto","background-attachment":"scroll","background-type":"","background-media":"","overlay-type":"","overlay-color":"","overlay-opacity":"","overlay-gradient":""}},"ast-content-background-meta":{"desktop":{"background-color":"var(--ast-global-color-4)","background-image":"","background-repeat":"repeat","background-position":"center center","background-size":"auto","background-attachment":"scroll","background-type":"","background-media":"","overlay-type":"","overlay-color":"","overlay-opacity":"","overlay-gradient":""},"tablet":{"background-color":"var(--ast-global-color-4)","background-image":"","background-repeat":"repeat","background-position":"center center","background-size":"auto","background-attachment":"scroll","background-type":"","background-media":"","overlay-type":"","overlay-color":"","overlay-opacity":"","overlay-gradient":""},"mobile":{"background-color":"var(--ast-global-color-4)","background-image":"","background-repeat":"repeat","background-position":"center center","background-size":"auto","background-attachment":"scroll","background-type":"","background-media":"","overlay-type":"","overlay-color":"","overlay-opacity":"","overlay-gradient":""}},"footnotes":""},"class_list":["post-39","page","type-page","status-publish","hentry"],"aioseo_notices":[],"_hostinger_reach_plugin_has_subscription_block":false,"_hostinger_reach_plugin_is_elementor":false,"_links":{"self":[{"href":"https:\/\/riek-kelsen.org\/en\/wp-json\/wp\/v2\/pages\/39","targetHints":{"allow":["GET"]}}],"collection":[{"href":"https:\/\/riek-kelsen.org\/en\/wp-json\/wp\/v2\/pages"}],"about":[{"href":"https:\/\/riek-kelsen.org\/en\/wp-json\/wp\/v2\/types\/page"}],"author":[{"embeddable":true,"href":"https:\/\/riek-kelsen.org\/en\/wp-json\/wp\/v2\/users\/1"}],"replies":[{"embeddable":true,"href":"https:\/\/riek-kelsen.org\/en\/wp-json\/wp\/v2\/comments?post=39"}],"version-history":[{"count":7,"href":"https:\/\/riek-kelsen.org\/en\/wp-json\/wp\/v2\/pages\/39\/revisions"}],"predecessor-version":[{"id":619,"href":"https:\/\/riek-kelsen.org\/en\/wp-json\/wp\/v2\/pages\/39\/revisions\/619"}],"wp:attachment":[{"href":"https:\/\/riek-kelsen.org\/en\/wp-json\/wp\/v2\/media?parent=39"}],"curies":[{"name":"wp","href":"https:\/\/api.w.org\/{rel}","templated":true}]}}