{"id":29,"date":"2026-02-18T10:17:20","date_gmt":"2026-02-18T09:17:20","guid":{"rendered":"https:\/\/riek-kelsen.org\/?page_id=29"},"modified":"2026-04-13T16:00:55","modified_gmt":"2026-04-13T14:00:55","slug":"capitulos","status":"publish","type":"page","link":"https:\/\/riek-kelsen.org\/en\/capitulos\/","title":{"rendered":"Chapters"},"content":{"rendered":"<p>The <a href=\"https:\/\/riek-kelsen.org\/en\/red-iberoamericana-hans-kelsen\/\" target=\"_blank\" rel=\"noopener\" title=\"The RIEK Network\">RIEK Network<\/a> is structured as a federated academic network composed of national or regional chapters, which constitute the framework for scientific coordination in each country or region.<\/p>\n\n\n\n<p>The chapters bring together researchers and specialists affiliated with universities and research centres, promoting the development of academic activities in line with the general objectives of the <a href=\"https:\/\/riek-kelsen.org\/en\/red-iberoamericana-hans-kelsen\/\" target=\"_blank\" rel=\"noopener\" title=\"The RIEK Network\">RIEK Network<\/a>.<\/p>\n\n\n\n<p>Each chapter enjoys organizational and regulatory autonomy to define its internal structure, procedures, and academic standards, provided that these do not contravene the guiding principles or the limits established by the General Statutes.<\/p>\n\n\n\n<p>For formal recognition, a chapter shall be required to have:<\/p>\n\n\n\n<p>\u2022 Its own statutes and internal regulations.<br>\u2022 Individually identified members.<br>\u2022 One representative and one alternate representative to the General Assembly.<br>\u2022 Associated academic institutions.<br>\u2022 An annual plan of academic activities.<\/p>\n\n\n\n<p>The chapters are responsible for the editorial management of their respective sections within the digital ecosystem of the <a href=\"https:\/\/riek-kelsen.org\/en\/red-iberoamericana-hans-kelsen\/\" target=\"_blank\" rel=\"noopener\" title=\"The RIEK Network\">RIEK Network<\/a> , as well as for the development of their academic activities, in accordance with the Network\u2019s institutional principles.<\/p>\n\n\n\n<p>The raising of funds or the assumption of financial commitments on behalf of the <a href=\"https:\/\/riek-kelsen.org\/en\/red-iberoamericana-hans-kelsen\/\" target=\"_blank\" rel=\"noopener\" title=\"The RIEK Network\">RIEK Network<\/a> shall require express authorization in accordance with the General Statutes, in order to ensure the transparency and institutional coherence of the Network.<\/p>\n\n\n\n<p>The <a href=\"https:\/\/riek-kelsen.org\/en\/red-iberoamericana-hans-kelsen\/\" title=\"The RIEK Network\">RIEK Network<\/a> maintains academic dialogue with researchers from various regions of the Ibero-American sphere with a view to the future establishment of new chapters.<\/p>\n\n\n\n<p><a href=\"https:\/\/riek-kelsen.org\/en\/capitulo-riek-colombia\/\" target=\"_blank\" rel=\"noopener\" title=\"RIEK\u2013Colombia Chapter\">RIEK\u2013Colombia Chapter<\/a><\/p>","protected":false},"excerpt":{"rendered":"<p>La RIEK se estructura como una red acad\u00e9mica federada compuesta por cap\u00edtulos nacionales o regionales, que constituyen el \u00e1mbito de [&hellip;]<\/p>\n","protected":false},"author":1,"featured_media":0,"parent":0,"menu_order":0,"comment_status":"closed","ping_status":"closed","template":"","meta":{"site-sidebar-layout":"default","site-content-layout":"","ast-site-content-layout":"default","site-content-style":"default","site-sidebar-style":"default","ast-global-header-display":"","ast-banner-title-visibility":"","ast-main-header-display":"","ast-hfb-above-header-display":"","ast-hfb-below-header-display":"","ast-hfb-mobile-header-display":"","site-post-title":"","ast-breadcrumbs-content":"","ast-featured-img":"","footer-sml-layout":"","ast-disable-related-posts":"","theme-transparent-header-meta":"","adv-header-id-meta":"","stick-header-meta":"","header-above-stick-meta":"","header-main-stick-meta":"","header-below-stick-meta":"","astra-migrate-meta-layouts":"default","ast-page-background-enabled":"default","ast-page-background-meta":{"desktop":{"background-color":"var(--ast-global-color-5)","background-image":"","background-repeat":"repeat","background-position":"center center","background-size":"auto","background-attachment":"scroll","background-type":"","background-media":"","overlay-type":"","overlay-color":"","overlay-opacity":"","overlay-gradient":""},"tablet":{"background-color":"","background-image":"","background-repeat":"repeat","background-position":"center center","background-size":"auto","background-attachment":"scroll","background-type":"","background-media":"","overlay-type":"","overlay-color":"","overlay-opacity":"","overlay-gradient":""},"mobile":{"background-color":"","background-image":"","background-repeat":"repeat","background-position":"center center","background-size":"auto","background-attachment":"scroll","background-type":"","background-media":"","overlay-type":"","overlay-color":"","overlay-opacity":"","overlay-gradient":""}},"ast-content-background-meta":{"desktop":{"background-color":"var(--ast-global-color-4)","background-image":"","background-repeat":"repeat","background-position":"center center","background-size":"auto","background-attachment":"scroll","background-type":"","background-media":"","overlay-type":"","overlay-color":"","overlay-opacity":"","overlay-gradient":""},"tablet":{"background-color":"var(--ast-global-color-4)","background-image":"","background-repeat":"repeat","background-position":"center center","background-size":"auto","background-attachment":"scroll","background-type":"","background-media":"","overlay-type":"","overlay-color":"","overlay-opacity":"","overlay-gradient":""},"mobile":{"background-color":"var(--ast-global-color-4)","background-image":"","background-repeat":"repeat","background-position":"center center","background-size":"auto","background-attachment":"scroll","background-type":"","background-media":"","overlay-type":"","overlay-color":"","overlay-opacity":"","overlay-gradient":""}},"footnotes":""},"class_list":["post-29","page","type-page","status-publish","hentry"],"aioseo_notices":[],"_hostinger_reach_plugin_has_subscription_block":false,"_hostinger_reach_plugin_is_elementor":false,"_links":{"self":[{"href":"https:\/\/riek-kelsen.org\/en\/wp-json\/wp\/v2\/pages\/29","targetHints":{"allow":["GET"]}}],"collection":[{"href":"https:\/\/riek-kelsen.org\/en\/wp-json\/wp\/v2\/pages"}],"about":[{"href":"https:\/\/riek-kelsen.org\/en\/wp-json\/wp\/v2\/types\/page"}],"author":[{"embeddable":true,"href":"https:\/\/riek-kelsen.org\/en\/wp-json\/wp\/v2\/users\/1"}],"replies":[{"embeddable":true,"href":"https:\/\/riek-kelsen.org\/en\/wp-json\/wp\/v2\/comments?post=29"}],"version-history":[{"count":7,"href":"https:\/\/riek-kelsen.org\/en\/wp-json\/wp\/v2\/pages\/29\/revisions"}],"predecessor-version":[{"id":612,"href":"https:\/\/riek-kelsen.org\/en\/wp-json\/wp\/v2\/pages\/29\/revisions\/612"}],"wp:attachment":[{"href":"https:\/\/riek-kelsen.org\/en\/wp-json\/wp\/v2\/media?parent=29"}],"curies":[{"name":"wp","href":"https:\/\/api.w.org\/{rel}","templated":true}]}}