{"id":116,"date":"2026-02-18T16:52:08","date_gmt":"2026-02-18T15:52:08","guid":{"rendered":"https:\/\/riek-kelsen.org\/?page_id=116"},"modified":"2026-02-23T11:07:48","modified_gmt":"2026-02-23T10:07:48","slug":"secretaria-ejecutiva-riek","status":"publish","type":"page","link":"https:\/\/riek-kelsen.org\/en\/secretaria-ejecutiva-riek\/","title":{"rendered":"Executive Board"},"content":{"rendered":"<p>The Executive Board shall serve as the central operational body of the RIEK and shall be hierarchically accountable to the General Assembly.<\/p>\n\n\n\n<p>It shall be responsible for implementing the decisions adopted by the Assembly, coordinating the administrative activities of the Network, and ensuring ongoing coordination between the General Assembly, the International Coordination, and the national or regional chapters.<\/p>\n\n\n\n<p>It may also establish ad hoc committees for specific matters, such as academic evaluations, the organization of conferences, or disciplinary procedures, in accordance with the guidelines established by the General Assembly.<\/p>\n\n\n\n<p><\/p>\n\n\n\n<ul class=\"wp-block-list\">\n<li><a href=\"https:\/\/riek-kelsen.org\/en\/coordinacion-international\/\" target=\"_blank\" rel=\"noopener\" title=\"Governing Board\">International Coordination<\/a><\/li>\n\n\n\n<li><a href=\"https:\/\/riek-kelsen.org\/en\/asamblea-general-riek\/\" target=\"_blank\" rel=\"noopener\" title=\"General Assembly of the RIEK Network\">General Assembly of the RIEK Network<\/a><\/li>\n<\/ul>\n\n\n\n<p><\/p>\n\n\n\n<p><\/p>","protected":false},"excerpt":{"rendered":"<p>El \u00d3rgano Directivo ser\u00e1 la instancia operativa central de la RIEK y depender\u00e1 jer\u00e1rquicamente de la Asamblea General. Tendr\u00e1 a [&hellip;]<\/p>\n","protected":false},"author":1,"featured_media":0,"parent":0,"menu_order":0,"comment_status":"closed","ping_status":"closed","template":"","meta":{"site-sidebar-layout":"default","site-content-layout":"","ast-site-content-layout":"default","site-content-style":"default","site-sidebar-style":"default","ast-global-header-display":"","ast-banner-title-visibility":"","ast-main-header-display":"","ast-hfb-above-header-display":"","ast-hfb-below-header-display":"","ast-hfb-mobile-header-display":"","site-post-title":"","ast-breadcrumbs-content":"","ast-featured-img":"","footer-sml-layout":"","ast-disable-related-posts":"","theme-transparent-header-meta":"","adv-header-id-meta":"","stick-header-meta":"","header-above-stick-meta":"","header-main-stick-meta":"","header-below-stick-meta":"","astra-migrate-meta-layouts":"default","ast-page-background-enabled":"default","ast-page-background-meta":{"desktop":{"background-color":"var(--ast-global-color-5)","background-image":"","background-repeat":"repeat","background-position":"center center","background-size":"auto","background-attachment":"scroll","background-type":"","background-media":"","overlay-type":"","overlay-color":"","overlay-opacity":"","overlay-gradient":""},"tablet":{"background-color":"","background-image":"","background-repeat":"repeat","background-position":"center center","background-size":"auto","background-attachment":"scroll","background-type":"","background-media":"","overlay-type":"","overlay-color":"","overlay-opacity":"","overlay-gradient":""},"mobile":{"background-color":"","background-image":"","background-repeat":"repeat","background-position":"center center","background-size":"auto","background-attachment":"scroll","background-type":"","background-media":"","overlay-type":"","overlay-color":"","overlay-opacity":"","overlay-gradient":""}},"ast-content-background-meta":{"desktop":{"background-color":"var(--ast-global-color-4)","background-image":"","background-repeat":"repeat","background-position":"center center","background-size":"auto","background-attachment":"scroll","background-type":"","background-media":"","overlay-type":"","overlay-color":"","overlay-opacity":"","overlay-gradient":""},"tablet":{"background-color":"var(--ast-global-color-4)","background-image":"","background-repeat":"repeat","background-position":"center center","background-size":"auto","background-attachment":"scroll","background-type":"","background-media":"","overlay-type":"","overlay-color":"","overlay-opacity":"","overlay-gradient":""},"mobile":{"background-color":"var(--ast-global-color-4)","background-image":"","background-repeat":"repeat","background-position":"center center","background-size":"auto","background-attachment":"scroll","background-type":"","background-media":"","overlay-type":"","overlay-color":"","overlay-opacity":"","overlay-gradient":""}},"footnotes":""},"class_list":["post-116","page","type-page","status-publish","hentry"],"aioseo_notices":[],"_hostinger_reach_plugin_has_subscription_block":false,"_hostinger_reach_plugin_is_elementor":false,"_links":{"self":[{"href":"https:\/\/riek-kelsen.org\/en\/wp-json\/wp\/v2\/pages\/116","targetHints":{"allow":["GET"]}}],"collection":[{"href":"https:\/\/riek-kelsen.org\/en\/wp-json\/wp\/v2\/pages"}],"about":[{"href":"https:\/\/riek-kelsen.org\/en\/wp-json\/wp\/v2\/types\/page"}],"author":[{"embeddable":true,"href":"https:\/\/riek-kelsen.org\/en\/wp-json\/wp\/v2\/users\/1"}],"replies":[{"embeddable":true,"href":"https:\/\/riek-kelsen.org\/en\/wp-json\/wp\/v2\/comments?post=116"}],"version-history":[{"count":17,"href":"https:\/\/riek-kelsen.org\/en\/wp-json\/wp\/v2\/pages\/116\/revisions"}],"predecessor-version":[{"id":345,"href":"https:\/\/riek-kelsen.org\/en\/wp-json\/wp\/v2\/pages\/116\/revisions\/345"}],"wp:attachment":[{"href":"https:\/\/riek-kelsen.org\/en\/wp-json\/wp\/v2\/media?parent=116"}],"curies":[{"name":"wp","href":"https:\/\/api.w.org\/{rel}","templated":true}]}}