{"id":96,"date":"2026-02-18T15:47:08","date_gmt":"2026-02-18T14:47:08","guid":{"rendered":"https:\/\/riek-kelsen.org\/?page_id=96"},"modified":"2026-04-13T17:45:06","modified_gmt":"2026-04-13T15:45:06","slug":"gobernanza","status":"publish","type":"page","link":"https:\/\/riek-kelsen.org\/de\/gobernanza\/","title":{"rendered":"Leitungsstruktur"},"content":{"rendered":"<p>Das <a href=\"https:\/\/riek-kelsen.org\/de\/red-iberoamericana-hans-kelsen\/\" target=\"_blank\" rel=\"noopener\" title=\"Das Netzwerk RIEK\">RIEK<\/a> wird als f\u00f6deriertes akademisches Netzwerk organisiert, das Forschende und Fachleute aus verschiedenen Universit\u00e4ten und Forschungseinrichtungen miteinander verbindet. Die Mitgliedschaft im Netzwerk hat pers\u00f6nlichen Charakter und beruht auf der akademischen Laufbahn sowie dem Engagement f\u00fcr seine wissenschaftlichen Ziele.<\/p>\n\n\n\n<p>Universit\u00e4ten und Forschungseinrichtungen werden als kooperierende Einrichtungen \u00fcber nationale oder regionale Sektionen am Netzwerk RIEK mitwirken und zur Entwicklung wissenschaftlicher Aktivit\u00e4ten sowie zu dessen institutioneller Ausrichtung beitragen. Die Mitgliedschaft wird ausschlie\u00dflich nat\u00fcrlichen Personen vorbehalten sein.<\/p>\n\n\n\n<p>Die Leitungsstruktur des Netzwerks RIEK zielt darauf ab, die wissenschaftliche Autonomie ihrer Mitglieder mit der notwendigen institutionellen Unterst\u00fctzung in Einklang zu bringen, um Stabilit\u00e4t und Kontinuit\u00e4t zu gew\u00e4hrleisten.<\/p>\n\n\n\n<p>Die Governance des Netzwerks <a href=\"https:\/\/riek-kelsen.org\/de\/red-iberoamericana-hans-kelsen\/\" target=\"_blank\" rel=\"noopener\" title=\"Das Netzwerk RIEK\">RIEK<\/a> wird sich an den folgenden Grunds\u00e4tzen orientieren und nach diesen gestaltet werden:<\/p>\n\n\n\n<ol class=\"wp-block-list\">\n<li>Akademische Freiheit, verstanden als Gew\u00e4hrleistung wissenschaftlicher Unabh\u00e4ngigkeit in Forschung, Lehre und Diskussion.<\/li>\n\n\n\n<li>Epistemologische Pluralit\u00e4t als Anerkennung der Legitimit\u00e4t unterschiedlicher Ans\u00e4tze in Rechtstheorie und Rechtsphilosophie.<\/li>\n\n\n\n<li>Wissenschaftliche Zusammenarbeit zur F\u00f6rderung gemeinsamer und koordinierter Arbeit zwischen Forschern, Sektionen und kooperierenden akademischen Institutionen.<\/li>\n\n\n\n<li>Regionale Inklusion zur F\u00f6rderung einer ausgewogenen Beteiligung des gesamten iberoamerikanischen Raums.<\/li>\n\n\n\n<li>Sprachliches Gleichgewicht, ausgerichtet auf die F\u00f6rderung eines inklusiven wissenschaftlichen Austauschs in den Sprachen des iberoamerikanischen Raums. Die offiziellen Sprachen des Netzwerks RIEK sind Spanisch und Portugiesisch; dar\u00fcber hinaus wird die Verwendung des Deutschen und des Englischen als Sprachen der technischen und bibliographischen Zusammenarbeit anerkannt. Das Netzwerk RIEK wird zudem die akademische Pr\u00e4senz weiterer lebender Sprachen des iberoamerikanischen Raums f\u00f6rdern.<\/li>\n\n\n\n<li>Gleichheit in Repr\u00e4sentation und Teilhabe, mit besonderer Ber\u00fccksichtigung der generationellen und geschlechtlichen Vielfalt.<\/li>\n<\/ol>\n\n\n\n<p>Das <a href=\"https:\/\/riek-kelsen.org\/de\/red-iberoamericana-hans-kelsen\/\" target=\"_blank\" rel=\"noopener\" title=\"Das Netzwerk RIEK\">RIEK<\/a> se encuentra en proceso de constituci\u00f3n formal como asociaci\u00f3n conforme al derecho austr\u00edaco. Durante la fase preestatutaria, la coordinaci\u00f3n operativa ser\u00e1 ejercida por Gonzalo Villa Rosas en comunicaci\u00f3n permanente con el Hans Kelsen-Institut (Viena) y la Hans-Kelsen-Forschungsstelle (Universidad de Friburgo). Las decisiones relativas a la futura asociaci\u00f3n RIEK se adoptar\u00e1n de com\u00fan acuerdo entre los firmantes del documento de intenci\u00f3n suscrito en la Reuni\u00f3n Inaugural celebrada el 4 de febrero de 2026 en Bogot\u00e1. Una vez formalizada como asociaci\u00f3n conforme al derecho austr\u00edaco, la gobernanza de la RIEK ser\u00e1 ejercida por tres \u00f3rganos centrales:<\/p>\n\n\n\n<ol class=\"wp-block-list\">\n<li><a href=\"https:\/\/riek-kelsen.org\/de\/coordinacion-international\/\" target=\"_blank\" rel=\"noopener\" title=\"Internationale Koordination\">Internationale Koordination<\/a><\/li>\n\n\n\n<li><a href=\"https:\/\/riek-kelsen.org\/de\/asamblea-general-riek\/\" target=\"_blank\" rel=\"noopener\" title=\"Mitgliederversammlung des Netzwerks RIEK\">Mitgliederversammlung des Netzwerks RIEK<\/a><\/li>\n\n\n\n<li><a href=\"https:\/\/riek-kelsen.org\/de\/secretaria-ejecutiva-riek\/\" target=\"_blank\" rel=\"noopener\" title=\"Leitungsorgan\">Leitungsorgan<\/a><\/li>\n<\/ol>\n\n\n\n<p><\/p>\n\n\n\n<ul class=\"wp-block-list\">\n<li><a href=\"https:\/\/riek-kelsen.org\/de\/mision-y-vision\/\" target=\"_blank\" rel=\"noopener\" title=\"Mission und Vision\">Mission und Vision<\/a><\/li>\n\n\n\n<li><a href=\"https:\/\/riek-kelsen.org\/de\/historia\/\" target=\"_blank\" rel=\"noopener\" title=\"Institutionelle Geschichte\">Institutionelle Geschichte<\/a><\/li>\n\n\n\n<li><a href=\"https:\/\/riek-kelsen.org\/de\/objetivos\/\" target=\"_blank\" rel=\"noopener\" title=\"Ziele\">Ziele<\/a><\/li>\n\n\n\n<li><a href=\"https:\/\/riek-kelsen.org\/de\/identidad-visual\/\" target=\"_blank\" rel=\"noopener\" title=\"Visuelle Identit\u00e4t\">Visuelle Identit\u00e4t<\/a><\/li>\n<\/ul>\n\n\n\n<p><\/p>","protected":false},"excerpt":{"rendered":"<p>La RIEK se organizar\u00e1 como una red acad\u00e9mica de car\u00e1cter federado que articular\u00e1 a investigadores y especialistas vinculados a diversas [&hellip;]<\/p>\n","protected":false},"author":1,"featured_media":0,"parent":0,"menu_order":0,"comment_status":"closed","ping_status":"closed","template":"","meta":{"site-sidebar-layout":"default","site-content-layout":"","ast-site-content-layout":"default","site-content-style":"default","site-sidebar-style":"default","ast-global-header-display":"","ast-banner-title-visibility":"","ast-main-header-display":"","ast-hfb-above-header-display":"","ast-hfb-below-header-display":"","ast-hfb-mobile-header-display":"","site-post-title":"","ast-breadcrumbs-content":"","ast-featured-img":"","footer-sml-layout":"","ast-disable-related-posts":"","theme-transparent-header-meta":"","adv-header-id-meta":"","stick-header-meta":"","header-above-stick-meta":"","header-main-stick-meta":"","header-below-stick-meta":"","astra-migrate-meta-layouts":"default","ast-page-background-enabled":"default","ast-page-background-meta":{"desktop":{"background-color":"var(--ast-global-color-5)","background-image":"","background-repeat":"repeat","background-position":"center center","background-size":"auto","background-attachment":"scroll","background-type":"","background-media":"","overlay-type":"","overlay-color":"","overlay-opacity":"","overlay-gradient":""},"tablet":{"background-color":"","background-image":"","background-repeat":"repeat","background-position":"center center","background-size":"auto","background-attachment":"scroll","background-type":"","background-media":"","overlay-type":"","overlay-color":"","overlay-opacity":"","overlay-gradient":""},"mobile":{"background-color":"","background-image":"","background-repeat":"repeat","background-position":"center center","background-size":"auto","background-attachment":"scroll","background-type":"","background-media":"","overlay-type":"","overlay-color":"","overlay-opacity":"","overlay-gradient":""}},"ast-content-background-meta":{"desktop":{"background-color":"var(--ast-global-color-4)","background-image":"","background-repeat":"repeat","background-position":"center center","background-size":"auto","background-attachment":"scroll","background-type":"","background-media":"","overlay-type":"","overlay-color":"","overlay-opacity":"","overlay-gradient":""},"tablet":{"background-color":"var(--ast-global-color-4)","background-image":"","background-repeat":"repeat","background-position":"center center","background-size":"auto","background-attachment":"scroll","background-type":"","background-media":"","overlay-type":"","overlay-color":"","overlay-opacity":"","overlay-gradient":""},"mobile":{"background-color":"var(--ast-global-color-4)","background-image":"","background-repeat":"repeat","background-position":"center center","background-size":"auto","background-attachment":"scroll","background-type":"","background-media":"","overlay-type":"","overlay-color":"","overlay-opacity":"","overlay-gradient":""}},"footnotes":""},"class_list":["post-96","page","type-page","status-publish","hentry"],"aioseo_notices":[],"_hostinger_reach_plugin_has_subscription_block":false,"_hostinger_reach_plugin_is_elementor":false,"_links":{"self":[{"href":"https:\/\/riek-kelsen.org\/de\/wp-json\/wp\/v2\/pages\/96","targetHints":{"allow":["GET"]}}],"collection":[{"href":"https:\/\/riek-kelsen.org\/de\/wp-json\/wp\/v2\/pages"}],"about":[{"href":"https:\/\/riek-kelsen.org\/de\/wp-json\/wp\/v2\/types\/page"}],"author":[{"embeddable":true,"href":"https:\/\/riek-kelsen.org\/de\/wp-json\/wp\/v2\/users\/1"}],"replies":[{"embeddable":true,"href":"https:\/\/riek-kelsen.org\/de\/wp-json\/wp\/v2\/comments?post=96"}],"version-history":[{"count":25,"href":"https:\/\/riek-kelsen.org\/de\/wp-json\/wp\/v2\/pages\/96\/revisions"}],"predecessor-version":[{"id":624,"href":"https:\/\/riek-kelsen.org\/de\/wp-json\/wp\/v2\/pages\/96\/revisions\/624"}],"wp:attachment":[{"href":"https:\/\/riek-kelsen.org\/de\/wp-json\/wp\/v2\/media?parent=96"}],"curies":[{"name":"wp","href":"https:\/\/api.w.org\/{rel}","templated":true}]}}