{"id":317,"date":"2026-02-22T22:28:50","date_gmt":"2026-02-22T21:28:50","guid":{"rendered":"https:\/\/riek-kelsen.org\/?page_id=317"},"modified":"2026-04-13T16:40:00","modified_gmt":"2026-04-13T14:40:00","slug":"aviso-legal","status":"publish","type":"page","link":"https:\/\/riek-kelsen.org\/de\/aviso-legal\/","title":{"rendered":"Impressum"},"content":{"rendered":"<p>Angaben gem\u00e4\u00df \u00a7 5 Digitale-Dienste-Gesetz (DDG, Deutschland) sowie \u00a7 25 Mediengesetz (\u00d6sterreich)<\/p>\n\n\n\n<p><strong><a href=\"https:\/\/riek-kelsen.org\/de\/red-iberoamericana-hans-kelsen\/\" target=\"_blank\" rel=\"noopener\" title=\"Das Netzwerk RIEK\">Iberoamerikanische Netzwerk f\u00fcr Studien zu Hans Kelsen und zur Wiener rechtstheoretischen Schule (RIEK)<\/a><\/strong><\/p>\n\n\n\n<p><strong>Verantwortlich f\u00fcr den Inhalt:<\/strong><br>Gonzalo Villa Rosas (Exekutivsekretariat des Netzwerks RIEK in der \u00dcbergangsphase)<br>Projensdorfer Stra\u00dfe 14, 24106 Kiel (Schleswig-Holstein, Deutschland)<br>E-Mail: <a>info@riek-kelsen.org<\/a><\/p>\n\n\n\n<p>Das <a href=\"https:\/\/riek-kelsen.org\/de\/red-iberoamericana-hans-kelsen\/\" target=\"_blank\" rel=\"noopener\" title=\"Das Netzwerk RIEK\">RIEK<\/a> befindet sich im Prozess seiner formalen Gr\u00fcndung nach \u00f6sterreichischem Recht. Bis zu seiner endg\u00fcltigen Eintragung nimmt die vorl\u00e4ufige Exekutivsekretariat die Funktionen der redaktionellen und administrativen Koordination der Website wahr.<\/p>\n\n\n\n<p>Die Bezeichnung \u201eRIEK\u00ae\u201c ist als Wortmarke beim Deutschen Patent- und Markenamt (DPMA, Deutschland) eingetragen.<br>Der Name des Netzwerks, sein Logo sowie die Elemente, die die visuelle Identit\u00e4t des Projekts bilden, sind Bestandteil seiner institutionellen Identit\u00e4t.<\/p>\n\n\n\n<p>Die Verwendung des Namens \u201eRIEK\u201c, seines Logos oder der damit verbundenen Elemente der visuellen Identit\u00e4t ohne ausdr\u00fcckliche Genehmigung kann zur Einleitung entsprechender rechtlicher Schritte gem\u00e4\u00df der anwendbaren Gesetzgebung f\u00fchren.<\/p>\n\n\n\n<p><\/p>","protected":false},"excerpt":{"rendered":"<p>En cumplimiento de las obligaciones legales aplicables en Alemania (\u00a7 5 Digitale-Dienste-Gesetz \u2013 DDG) y en Austria (\u00a7 25 Mediengesetz), [&hellip;]<\/p>\n","protected":false},"author":1,"featured_media":0,"parent":0,"menu_order":0,"comment_status":"closed","ping_status":"closed","template":"","meta":{"site-sidebar-layout":"default","site-content-layout":"","ast-site-content-layout":"default","site-content-style":"default","site-sidebar-style":"default","ast-global-header-display":"","ast-banner-title-visibility":"","ast-main-header-display":"","ast-hfb-above-header-display":"","ast-hfb-below-header-display":"","ast-hfb-mobile-header-display":"","site-post-title":"","ast-breadcrumbs-content":"","ast-featured-img":"","footer-sml-layout":"","ast-disable-related-posts":"","theme-transparent-header-meta":"","adv-header-id-meta":"","stick-header-meta":"","header-above-stick-meta":"","header-main-stick-meta":"","header-below-stick-meta":"","astra-migrate-meta-layouts":"default","ast-page-background-enabled":"default","ast-page-background-meta":{"desktop":{"background-color":"var(--ast-global-color-5)","background-image":"","background-repeat":"repeat","background-position":"center center","background-size":"auto","background-attachment":"scroll","background-type":"","background-media":"","overlay-type":"","overlay-color":"","overlay-opacity":"","overlay-gradient":""},"tablet":{"background-color":"","background-image":"","background-repeat":"repeat","background-position":"center center","background-size":"auto","background-attachment":"scroll","background-type":"","background-media":"","overlay-type":"","overlay-color":"","overlay-opacity":"","overlay-gradient":""},"mobile":{"background-color":"","background-image":"","background-repeat":"repeat","background-position":"center center","background-size":"auto","background-attachment":"scroll","background-type":"","background-media":"","overlay-type":"","overlay-color":"","overlay-opacity":"","overlay-gradient":""}},"ast-content-background-meta":{"desktop":{"background-color":"var(--ast-global-color-4)","background-image":"","background-repeat":"repeat","background-position":"center center","background-size":"auto","background-attachment":"scroll","background-type":"","background-media":"","overlay-type":"","overlay-color":"","overlay-opacity":"","overlay-gradient":""},"tablet":{"background-color":"var(--ast-global-color-4)","background-image":"","background-repeat":"repeat","background-position":"center center","background-size":"auto","background-attachment":"scroll","background-type":"","background-media":"","overlay-type":"","overlay-color":"","overlay-opacity":"","overlay-gradient":""},"mobile":{"background-color":"var(--ast-global-color-4)","background-image":"","background-repeat":"repeat","background-position":"center center","background-size":"auto","background-attachment":"scroll","background-type":"","background-media":"","overlay-type":"","overlay-color":"","overlay-opacity":"","overlay-gradient":""}},"footnotes":""},"class_list":["post-317","page","type-page","status-publish","hentry"],"aioseo_notices":[],"_hostinger_reach_plugin_has_subscription_block":false,"_hostinger_reach_plugin_is_elementor":false,"_links":{"self":[{"href":"https:\/\/riek-kelsen.org\/de\/wp-json\/wp\/v2\/pages\/317","targetHints":{"allow":["GET"]}}],"collection":[{"href":"https:\/\/riek-kelsen.org\/de\/wp-json\/wp\/v2\/pages"}],"about":[{"href":"https:\/\/riek-kelsen.org\/de\/wp-json\/wp\/v2\/types\/page"}],"author":[{"embeddable":true,"href":"https:\/\/riek-kelsen.org\/de\/wp-json\/wp\/v2\/users\/1"}],"replies":[{"embeddable":true,"href":"https:\/\/riek-kelsen.org\/de\/wp-json\/wp\/v2\/comments?post=317"}],"version-history":[{"count":12,"href":"https:\/\/riek-kelsen.org\/de\/wp-json\/wp\/v2\/pages\/317\/revisions"}],"predecessor-version":[{"id":617,"href":"https:\/\/riek-kelsen.org\/de\/wp-json\/wp\/v2\/pages\/317\/revisions\/617"}],"wp:attachment":[{"href":"https:\/\/riek-kelsen.org\/de\/wp-json\/wp\/v2\/media?parent=317"}],"curies":[{"name":"wp","href":"https:\/\/api.w.org\/{rel}","templated":true}]}}