{"id":29,"date":"2026-02-18T10:17:20","date_gmt":"2026-02-18T09:17:20","guid":{"rendered":"https:\/\/riek-kelsen.org\/?page_id=29"},"modified":"2026-04-13T16:00:55","modified_gmt":"2026-04-13T14:00:55","slug":"capitulos","status":"publish","type":"page","link":"https:\/\/riek-kelsen.org\/de\/capitulos\/","title":{"rendered":"Sektionen"},"content":{"rendered":"<p>Das <a href=\"https:\/\/riek-kelsen.org\/de\/red-iberoamericana-hans-kelsen\/\" target=\"_blank\" rel=\"noopener\" title=\"Das Netzwerk RIEK\">RIEK<\/a> ist als f\u00f6deriertes akademisches Netzwerk strukturiert, das aus nationalen oder regionalen Sektionen besteht, die den Rahmen f\u00fcr die wissenschaftliche Koordination in jedem Land bzw. jeder Region bilden.<\/p>\n\n\n\n<p>Die Kapitel vereinen Forschende und Fachleute, die mit Universit\u00e4ten und Forschungszentren verbunden sind, und f\u00f6rdern die Entwicklung akademischer Aktivit\u00e4ten im Einklang mit den allgemeinen Zielen des Netzwerks <a href=\"https:\/\/riek-kelsen.org\/de\/red-iberoamericana-hans-kelsen\/\" target=\"_blank\" rel=\"noopener\" title=\"Das Netzwerk RIEK\">RIEK<\/a>.<\/p>\n\n\n\n<p>Jede Sektion verf\u00fcgt \u00fcber organisatorische und satzungsm\u00e4\u00dfige Autonomie zur Festlegung ihrer internen Struktur, ihrer Verfahren und ihrer akademischen Standards, sofern diese weder den leitenden Grunds\u00e4tzen noch den in den Allgemeinen Statuten des Netzwerks RIEK festgelegten Grenzen widersprechen.<\/p>\n\n\n\n<p>F\u00fcr ihre Anerkennung hat eine Sektion folgende Voraussetzungen zu erf\u00fcllen:<\/p>\n\n\n\n<p>\u2022 eigene Statuten und eine interne Gesch\u00e4ftsordnung<br>\u2022 individuell identifizierte Mitglieder<br>\u2022 einen Vertreter und einen Stellvertreter in der Mitgliederversammlung des Netzwerks RIEK<br>\u2022 kooperierende akademische Institutionen<br>\u2022 ein j\u00e4hrliches Programm wissenschaftlicher Aktivit\u00e4ten.<\/p>\n\n\n\n<p>Die Sektionen sind f\u00fcr die redaktionelle Betreuung ihres jeweiligen Bereichs innerhalb des digitalen \u00d6kosystems des Netzwerks <a href=\"https:\/\/riek-kelsen.org\/de\/red-iberoamericana-hans-kelsen\/\" target=\"_blank\" rel=\"noopener\" title=\"Das Netzwerk RIEK\">RIEK<\/a> sowie f\u00fcr die Entwicklung ihrer akademischen Aktivit\u00e4ten verantwortlich, im Einklang mit den institutionellen Grunds\u00e4tzen des Netzwerks.<\/p>\n\n\n\n<p>Die Einwerbung von Mitteln oder die \u00dcbernahme finanzieller Verpflichtungen im Namen des Netzwerks <a href=\"https:\/\/riek-kelsen.org\/de\/red-iberoamericana-hans-kelsen\/\" target=\"_blank\" rel=\"noopener\" title=\"Das Netzwerk RIEK\">RIEK<\/a> bedarf einer ausdr\u00fccklichen Genehmigung gem\u00e4\u00df den Allgemeinen Statuten, um die Transparenz und die institutionelle Koh\u00e4renz des Netzwerks zu gew\u00e4hrleisten.<\/p>\n\n\n\n<p>Das <a href=\"https:\/\/riek-kelsen.org\/de\/red-iberoamericana-hans-kelsen\/\" title=\"Das Netzwerk RIEK\">RIEK<\/a> f\u00fchrt einen akademischen Dialog mit Forschenden aus verschiedenen Regionen des iberoamerikanischen Raums im Hinblick auf die zuk\u00fcnftige Gr\u00fcndung neuer Kapitel.<\/p>\n\n\n\n<p><a href=\"https:\/\/riek-kelsen.org\/de\/capitulo-riek-colombia\/\" target=\"_blank\" rel=\"noopener\" title=\"Sektion RIEK\u2013Kolumbien\">Sektion RIEK\u2013Kolumbien<\/a><\/p>","protected":false},"excerpt":{"rendered":"<p>La RIEK se estructura como una red acad\u00e9mica federada compuesta por cap\u00edtulos nacionales o regionales, que constituyen el \u00e1mbito de [&hellip;]<\/p>\n","protected":false},"author":1,"featured_media":0,"parent":0,"menu_order":0,"comment_status":"closed","ping_status":"closed","template":"","meta":{"site-sidebar-layout":"default","site-content-layout":"","ast-site-content-layout":"default","site-content-style":"default","site-sidebar-style":"default","ast-global-header-display":"","ast-banner-title-visibility":"","ast-main-header-display":"","ast-hfb-above-header-display":"","ast-hfb-below-header-display":"","ast-hfb-mobile-header-display":"","site-post-title":"","ast-breadcrumbs-content":"","ast-featured-img":"","footer-sml-layout":"","ast-disable-related-posts":"","theme-transparent-header-meta":"","adv-header-id-meta":"","stick-header-meta":"","header-above-stick-meta":"","header-main-stick-meta":"","header-below-stick-meta":"","astra-migrate-meta-layouts":"default","ast-page-background-enabled":"default","ast-page-background-meta":{"desktop":{"background-color":"var(--ast-global-color-5)","background-image":"","background-repeat":"repeat","background-position":"center center","background-size":"auto","background-attachment":"scroll","background-type":"","background-media":"","overlay-type":"","overlay-color":"","overlay-opacity":"","overlay-gradient":""},"tablet":{"background-color":"","background-image":"","background-repeat":"repeat","background-position":"center center","background-size":"auto","background-attachment":"scroll","background-type":"","background-media":"","overlay-type":"","overlay-color":"","overlay-opacity":"","overlay-gradient":""},"mobile":{"background-color":"","background-image":"","background-repeat":"repeat","background-position":"center center","background-size":"auto","background-attachment":"scroll","background-type":"","background-media":"","overlay-type":"","overlay-color":"","overlay-opacity":"","overlay-gradient":""}},"ast-content-background-meta":{"desktop":{"background-color":"var(--ast-global-color-4)","background-image":"","background-repeat":"repeat","background-position":"center center","background-size":"auto","background-attachment":"scroll","background-type":"","background-media":"","overlay-type":"","overlay-color":"","overlay-opacity":"","overlay-gradient":""},"tablet":{"background-color":"var(--ast-global-color-4)","background-image":"","background-repeat":"repeat","background-position":"center center","background-size":"auto","background-attachment":"scroll","background-type":"","background-media":"","overlay-type":"","overlay-color":"","overlay-opacity":"","overlay-gradient":""},"mobile":{"background-color":"var(--ast-global-color-4)","background-image":"","background-repeat":"repeat","background-position":"center center","background-size":"auto","background-attachment":"scroll","background-type":"","background-media":"","overlay-type":"","overlay-color":"","overlay-opacity":"","overlay-gradient":""}},"footnotes":""},"class_list":["post-29","page","type-page","status-publish","hentry"],"aioseo_notices":[],"_hostinger_reach_plugin_has_subscription_block":false,"_hostinger_reach_plugin_is_elementor":false,"_links":{"self":[{"href":"https:\/\/riek-kelsen.org\/de\/wp-json\/wp\/v2\/pages\/29","targetHints":{"allow":["GET"]}}],"collection":[{"href":"https:\/\/riek-kelsen.org\/de\/wp-json\/wp\/v2\/pages"}],"about":[{"href":"https:\/\/riek-kelsen.org\/de\/wp-json\/wp\/v2\/types\/page"}],"author":[{"embeddable":true,"href":"https:\/\/riek-kelsen.org\/de\/wp-json\/wp\/v2\/users\/1"}],"replies":[{"embeddable":true,"href":"https:\/\/riek-kelsen.org\/de\/wp-json\/wp\/v2\/comments?post=29"}],"version-history":[{"count":7,"href":"https:\/\/riek-kelsen.org\/de\/wp-json\/wp\/v2\/pages\/29\/revisions"}],"predecessor-version":[{"id":612,"href":"https:\/\/riek-kelsen.org\/de\/wp-json\/wp\/v2\/pages\/29\/revisions\/612"}],"wp:attachment":[{"href":"https:\/\/riek-kelsen.org\/de\/wp-json\/wp\/v2\/media?parent=29"}],"curies":[{"name":"wp","href":"https:\/\/api.w.org\/{rel}","templated":true}]}}