{"id":23,"date":"2026-02-18T01:54:24","date_gmt":"2026-02-18T00:54:24","guid":{"rendered":"https:\/\/riek-kelsen.org\/?page_id=23"},"modified":"2026-04-15T17:24:55","modified_gmt":"2026-04-15T15:24:55","slug":"inicio","status":"publish","type":"page","link":"https:\/\/riek-kelsen.org\/de\/","title":{"rendered":"Startseite"},"content":{"rendered":"<h1 class=\"wp-block-heading\">Das Iberoamerikanische Netzwerk f\u00fcr Studien zu Hans Kelsen und zur Wiener rechtstheoretischen Schule (RIEK)<\/h1>\n\n\n\n<p>Das <strong><a href=\"https:\/\/riek-kelsen.org\/de\/red-iberoamericana-hans-kelsen\/\" target=\"_blank\" rel=\"noopener\" title=\"\">Iberoamerikanische Netzwerk f\u00fcr Studien zu Hans Kelsen und zur Wiener rechtstheoretischen Schule (RIEK)<\/a><\/strong>, h\u00e4ufig als das Netzwerk RIEK oder als <strong><a href=\"https:\/\/riek-kelsen.org\/de\/red-iberoamericana-hans-kelsen\/\" target=\"_blank\" rel=\"noopener\" title=\"\">\u201eIberoamerikanisches Netzwerk Hans Kelsen\u201c bezeichnet,<\/a><\/strong>ist ein internationales akademisches Netzwerk, das auf die F\u00f6rderung, Erforschung und Verbreitung des Denkens von <strong>Hans Kelsen<\/strong> sowie der Tradition der <strong>Wiener rechtstheoretischen Schule<\/strong> im iberoamerikanischen Raum ausgerichtet ist.<\/p>\n\n\n\n<p>Die Website https:\/\/riek-kelsen.org\n stellt die offizielle institutionelle Plattform f\u00fcr das Netzwerk <a href=\"https:\/\/riek-kelsen.org\/de\/red-iberoamericana-hans-kelsen\/\" target=\"_blank\" rel=\"noopener\" title=\"Das Netzwerk RIEK\">RIEK<\/a> dar und bildet die ma\u00dfgebliche Referenz f\u00fcr seine akademische T\u00e4tigkeit, interne Organisation und internationale Ausrichtung.<\/p>\n\n\n\n<p>Dies ist die offizielle Website des <a href=\"https:\/\/riek-kelsen.org\/de\/red-iberoamericana-hans-kelsen\/\" target=\"_blank\" rel=\"noopener\" title=\"Das Netzwerk RIEK\">Iberoamerikanischen Netzwerks f\u00fcr Studien zu Hans Kelsen (RIEK)<\/a>.<\/p>\n\n\n\n<h2 class=\"wp-block-heading\">Was ist das Netzwerk RIEK?<\/h2>\n\n\n\n<p>Das <a href=\"https:\/\/riek-kelsen.org\/de\/red-iberoamericana-hans-kelsen\/\" target=\"_blank\" rel=\"noopener\" title=\"\">RIEK<\/a> ist ein internationales akademisches Netzwerk, das darauf ausgerichtet ist, eine Plattform f\u00fcr Forschung und Verbreitung zu konsolidieren, die auf das Studium des Werks von Hans Kelsen sowie der Vertreter der Wiener rechtstheoretischen Schule spezialisiert ist. In diesem Rahmen vernetzt das Netzwerk RIEK Universit\u00e4ten, Forschungszentren und Fachleute der Rechtstheorie mit dem Ziel, den wissenschaftlichen Austausch, die internationale Zusammenarbeit sowie die Entwicklung von editorischen und langfristig angelegten Forschungsprojekten im iberoamerikanischen Raum zu f\u00f6rdern.<\/p>\n\n\n\n<h2 class=\"wp-block-heading\">Institutionelle Struktur<\/h2>\n\n\n\n<p>Das <a href=\"https:\/\/riek-kelsen.org\/de\/capitulos\/\" target=\"_blank\" rel=\"noopener\" title=\"Sektionen\">RIEK<\/a> ist als ein f\u00f6deriertes Netzwerk nationaler und regionaler Kapitel strukturiert, die im Rahmen einer gemeinsamen institutionellen Architektur koordiniert werden. Jedes Kapitel entwickelt eigene akademische Aktivit\u00e4ten im Einklang mit den allgemeinen Zielen des Netzwerks RIEK.<\/p>\n\n\n\n<h2 class=\"wp-block-heading\">Kongresse des Netzwerks RIEK<\/h2>\n\n\n\n<p>Der <strong><a href=\"https:\/\/riek-kelsen.org\/de\/congreso-red-iberoamericana-hans-kelsen-riek-2026\/\" target=\"_blank\" rel=\"noopener\" title=\"1. Kongress des Iberoamerikanischen Netzwerks f\u00fcr Studien zu Hans Kelsen und zur Wiener rechtstheoretischen Schule (RIEK)\">1. Kongress des Iberoamerikanischen Netzwerks f\u00fcr Studien zu Hans Kelsen und zur Wiener rechtstheoretischen Schule (RIEK)<\/a><\/strong> fand am 4., 5. und 6. Februar 2026 in Bogot\u00e1 und Medell\u00edn (Kolumbien) statt und stellte das erste internationale akademische Treffen des Netzwerks RIEK dar.<\/p>\n\n\n\n<p>Siehe: <strong><a href=\"https:\/\/riek-kelsen.org\/de\/congreso-red-iberoamericana-hans-kelsen-riek-2026\/\" target=\"_blank\" rel=\"noopener\" title=\"\">1. Kongress des Netzwerks RIEK<\/a><\/strong> | <strong><a href=\"https:\/\/riek-kelsen.org\/wp-content\/uploads\/2026\/02\/PrimerCongresoRIEK_Folleto.pdf\" target=\"_blank\" rel=\"noopener\" title=\"PrimerCongresoRIEK_Folleto\">Dossier des 1. Kongresses des Netzwerks RIEK (Spanisch)<\/a><\/strong><\/p>\n\n\n\n<p>Der 2. Kongress des Netzwerks RIEK befindet sich derzeit in Vorbereitung.<\/p>\n\n\n\n<h2 class=\"wp-block-heading\">Iberoamerikanischer Raum und internationale Ausrichtung<\/h2>\n\n\n\n<p>Das <strong><a href=\"https:\/\/riek-kelsen.org\/de\/red-iberoamericana-hans-kelsen\/\" target=\"_blank\" rel=\"noopener\" title=\"Das Netzwerk RIEK\">RIEK<\/a><\/strong> versteht sich als ein akademischer Referenzraum f\u00fcr die Kelsen-Forschung sowie f\u00fcr die Studien zu den Vertretern der Wiener rechtstheoretischen Schule im iberoamerikanischen Raum und st\u00e4rkt den akademischen Dialog zwischen Europa und Lateinamerika.<\/p>\n\n\n\n<p><\/p>","protected":false},"excerpt":{"rendered":"<p>La Red Iberoamericana de Estudios sobre Hans Kelsen y la Escuela de Viena de Teor\u00eda del Derecho (RIEK) La Red [&hellip;]<\/p>\n","protected":false},"author":1,"featured_media":0,"parent":0,"menu_order":0,"comment_status":"closed","ping_status":"closed","template":"","meta":{"site-sidebar-layout":"default","site-content-layout":"","ast-site-content-layout":"default","site-content-style":"default","site-sidebar-style":"default","ast-global-header-display":"","ast-banner-title-visibility":"","ast-main-header-display":"","ast-hfb-above-header-display":"","ast-hfb-below-header-display":"","ast-hfb-mobile-header-display":"","site-post-title":"","ast-breadcrumbs-content":"","ast-featured-img":"","footer-sml-layout":"","ast-disable-related-posts":"","theme-transparent-header-meta":"","adv-header-id-meta":"","stick-header-meta":"","header-above-stick-meta":"","header-main-stick-meta":"","header-below-stick-meta":"","astra-migrate-meta-layouts":"default","ast-page-background-enabled":"default","ast-page-background-meta":{"desktop":{"background-color":"var(--ast-global-color-5)","background-image":"","background-repeat":"repeat","background-position":"center center","background-size":"auto","background-attachment":"scroll","background-type":"","background-media":"","overlay-type":"","overlay-color":"","overlay-opacity":"","overlay-gradient":""},"tablet":{"background-color":"","background-image":"","background-repeat":"repeat","background-position":"center center","background-size":"auto","background-attachment":"scroll","background-type":"","background-media":"","overlay-type":"","overlay-color":"","overlay-opacity":"","overlay-gradient":""},"mobile":{"background-color":"","background-image":"","background-repeat":"repeat","background-position":"center center","background-size":"auto","background-attachment":"scroll","background-type":"","background-media":"","overlay-type":"","overlay-color":"","overlay-opacity":"","overlay-gradient":""}},"ast-content-background-meta":{"desktop":{"background-color":"var(--ast-global-color-4)","background-image":"","background-repeat":"repeat","background-position":"center center","background-size":"auto","background-attachment":"scroll","background-type":"","background-media":"","overlay-type":"","overlay-color":"","overlay-opacity":"","overlay-gradient":""},"tablet":{"background-color":"var(--ast-global-color-4)","background-image":"","background-repeat":"repeat","background-position":"center center","background-size":"auto","background-attachment":"scroll","background-type":"","background-media":"","overlay-type":"","overlay-color":"","overlay-opacity":"","overlay-gradient":""},"mobile":{"background-color":"var(--ast-global-color-4)","background-image":"","background-repeat":"repeat","background-position":"center center","background-size":"auto","background-attachment":"scroll","background-type":"","background-media":"","overlay-type":"","overlay-color":"","overlay-opacity":"","overlay-gradient":""}},"footnotes":""},"class_list":["post-23","page","type-page","status-publish","hentry"],"aioseo_notices":[],"_hostinger_reach_plugin_has_subscription_block":false,"_hostinger_reach_plugin_is_elementor":false,"_links":{"self":[{"href":"https:\/\/riek-kelsen.org\/de\/wp-json\/wp\/v2\/pages\/23","targetHints":{"allow":["GET"]}}],"collection":[{"href":"https:\/\/riek-kelsen.org\/de\/wp-json\/wp\/v2\/pages"}],"about":[{"href":"https:\/\/riek-kelsen.org\/de\/wp-json\/wp\/v2\/types\/page"}],"author":[{"embeddable":true,"href":"https:\/\/riek-kelsen.org\/de\/wp-json\/wp\/v2\/users\/1"}],"replies":[{"embeddable":true,"href":"https:\/\/riek-kelsen.org\/de\/wp-json\/wp\/v2\/comments?post=23"}],"version-history":[{"count":37,"href":"https:\/\/riek-kelsen.org\/de\/wp-json\/wp\/v2\/pages\/23\/revisions"}],"predecessor-version":[{"id":664,"href":"https:\/\/riek-kelsen.org\/de\/wp-json\/wp\/v2\/pages\/23\/revisions\/664"}],"wp:attachment":[{"href":"https:\/\/riek-kelsen.org\/de\/wp-json\/wp\/v2\/media?parent=23"}],"curies":[{"name":"wp","href":"https:\/\/api.w.org\/{rel}","templated":true}]}}