{"id":112,"date":"2026-02-18T16:51:11","date_gmt":"2026-02-18T15:51:11","guid":{"rendered":"https:\/\/riek-kelsen.org\/?page_id=112"},"modified":"2026-04-13T17:34:58","modified_gmt":"2026-04-13T15:34:58","slug":"coordinacion-international","status":"publish","type":"page","link":"https:\/\/riek-kelsen.org\/de\/coordinacion-international\/","title":{"rendered":"Internationale Koordination"},"content":{"rendered":"<p>Die Internationale Koordination des Netzwerks <a href=\"https:\/\/riek-kelsen.org\/de\/red-iberoamericana-hans-kelsen\/\" target=\"_blank\" rel=\"noopener\" title=\"Das Netzwerk RIEK\">RIEK<\/a> wird in ex officio-Eigenschaft aus den amtierenden Direktoren des Hans Kelsen-Instituts (Wien) und der Hans-Kelsen-Forschungsstelle (Universit\u00e4t Freiburg) bestehen.<\/p>\n\n\n\n<p>Ihre Aufgabe wird darin bestehen, die akademische Entwicklung des Netzwerks RIEK zu begleiten, seine internationale Ausrichtung zu st\u00e4rken und die wissenschaftliche Koh\u00e4renz seiner Aktivit\u00e4ten zu gew\u00e4hrleisten.<\/p>\n\n\n\n<ul class=\"wp-block-list\">\n<li><a href=\"https:\/\/riek-kelsen.org\/de\/asamblea-general-riek\/\" target=\"_blank\" rel=\"noopener\" title=\"Mitgliederversammlung des Netzwerks RIEK\">Mitgliederversammlung des Netzwerks RIEK<\/a><\/li>\n\n\n\n<li><a href=\"https:\/\/riek-kelsen.org\/de\/secretaria-ejecutiva-riek\/\" target=\"_blank\" rel=\"noopener\" title=\"Leitungsorgan\">Leitungsorgan<\/a><\/li>\n<\/ul>\n\n\n\n<p><\/p>\n\n\n\n<p><\/p>\n\n\n\n<p><\/p>","protected":false},"excerpt":{"rendered":"<p>La Coordinaci\u00f3n Internacional de la RIEK estar\u00e1 integrada, en calidad ex officio, por los directores en ejercicio del Hans Kelsen-Institut [&hellip;]<\/p>\n","protected":false},"author":1,"featured_media":0,"parent":0,"menu_order":0,"comment_status":"closed","ping_status":"closed","template":"","meta":{"site-sidebar-layout":"default","site-content-layout":"","ast-site-content-layout":"default","site-content-style":"default","site-sidebar-style":"default","ast-global-header-display":"","ast-banner-title-visibility":"","ast-main-header-display":"","ast-hfb-above-header-display":"","ast-hfb-below-header-display":"","ast-hfb-mobile-header-display":"","site-post-title":"","ast-breadcrumbs-content":"","ast-featured-img":"","footer-sml-layout":"","ast-disable-related-posts":"","theme-transparent-header-meta":"","adv-header-id-meta":"","stick-header-meta":"","header-above-stick-meta":"","header-main-stick-meta":"","header-below-stick-meta":"","astra-migrate-meta-layouts":"default","ast-page-background-enabled":"default","ast-page-background-meta":{"desktop":{"background-color":"var(--ast-global-color-5)","background-image":"","background-repeat":"repeat","background-position":"center center","background-size":"auto","background-attachment":"scroll","background-type":"","background-media":"","overlay-type":"","overlay-color":"","overlay-opacity":"","overlay-gradient":""},"tablet":{"background-color":"","background-image":"","background-repeat":"repeat","background-position":"center center","background-size":"auto","background-attachment":"scroll","background-type":"","background-media":"","overlay-type":"","overlay-color":"","overlay-opacity":"","overlay-gradient":""},"mobile":{"background-color":"","background-image":"","background-repeat":"repeat","background-position":"center center","background-size":"auto","background-attachment":"scroll","background-type":"","background-media":"","overlay-type":"","overlay-color":"","overlay-opacity":"","overlay-gradient":""}},"ast-content-background-meta":{"desktop":{"background-color":"var(--ast-global-color-4)","background-image":"","background-repeat":"repeat","background-position":"center center","background-size":"auto","background-attachment":"scroll","background-type":"","background-media":"","overlay-type":"","overlay-color":"","overlay-opacity":"","overlay-gradient":""},"tablet":{"background-color":"var(--ast-global-color-4)","background-image":"","background-repeat":"repeat","background-position":"center center","background-size":"auto","background-attachment":"scroll","background-type":"","background-media":"","overlay-type":"","overlay-color":"","overlay-opacity":"","overlay-gradient":""},"mobile":{"background-color":"var(--ast-global-color-4)","background-image":"","background-repeat":"repeat","background-position":"center center","background-size":"auto","background-attachment":"scroll","background-type":"","background-media":"","overlay-type":"","overlay-color":"","overlay-opacity":"","overlay-gradient":""}},"footnotes":""},"class_list":["post-112","page","type-page","status-publish","hentry"],"aioseo_notices":[],"_hostinger_reach_plugin_has_subscription_block":false,"_hostinger_reach_plugin_is_elementor":false,"_links":{"self":[{"href":"https:\/\/riek-kelsen.org\/de\/wp-json\/wp\/v2\/pages\/112","targetHints":{"allow":["GET"]}}],"collection":[{"href":"https:\/\/riek-kelsen.org\/de\/wp-json\/wp\/v2\/pages"}],"about":[{"href":"https:\/\/riek-kelsen.org\/de\/wp-json\/wp\/v2\/types\/page"}],"author":[{"embeddable":true,"href":"https:\/\/riek-kelsen.org\/de\/wp-json\/wp\/v2\/users\/1"}],"replies":[{"embeddable":true,"href":"https:\/\/riek-kelsen.org\/de\/wp-json\/wp\/v2\/comments?post=112"}],"version-history":[{"count":16,"href":"https:\/\/riek-kelsen.org\/de\/wp-json\/wp\/v2\/pages\/112\/revisions"}],"predecessor-version":[{"id":622,"href":"https:\/\/riek-kelsen.org\/de\/wp-json\/wp\/v2\/pages\/112\/revisions\/622"}],"wp:attachment":[{"href":"https:\/\/riek-kelsen.org\/de\/wp-json\/wp\/v2\/media?parent=112"}],"curies":[{"name":"wp","href":"https:\/\/api.w.org\/{rel}","templated":true}]}}